{"id":2811,"date":"2026-02-13T22:17:25","date_gmt":"2026-02-13T21:17:25","guid":{"rendered":"https:\/\/www.huitieme-ciel.com\/?post_type=product&#038;p=2811"},"modified":"2026-02-14T10:47:57","modified_gmt":"2026-02-14T09:47:57","slug":"signature-blue-aventurine","status":"publish","type":"product","link":"https:\/\/www.huitieme-ciel.com\/en\/shop\/signature-blue-aventurine\/","title":{"rendered":"Signature Blue Aventurine"},"content":{"rendered":"<p>Le Rang Signature HUITI\u00c8ME CIEL adapts to your every desire: <strong>worn as a necklace or a multi-wrap bracelet<\/strong>, it becomes the foundation for endless compositions thanks to its two clasps.<\/p>\n<p>Crafted according to the HUITI\u00c8ME CIEL Line, it is distinguished by the regular alternation of colored stones and gold hematite, a <strong>luminous rhythm unique to the brand&#8217;s universe.<\/strong><br \/>\nStrung on high-resistance thread, it maintains an impeccable hold in all circumstances.<\/p>\n<p>Each Rang Signature comes with a removable HUITI\u00c8ME CIEL engraved pendant. It can be replaced by one of our other <a href=\"..\/?product_cat=pendentifs\">pendants<\/a>, which clip directly onto the clasps to create your own jewelry language.The signature pendant can be worn slid to the side for a couture feel, or centered along the strand as an elegant drop.<\/p>\n<p><strong>Materials<\/strong><\/p>\n<ul>\n<li>Gemstones: Blue Aventurine (2 mm), Golden Hematite (2 mm)<\/li>\n<li>High-strength thread in thermofused fibres<\/li>\n<li>Findings in hypoallergenic 316L stainless steel<\/li>\n<li>Engraved signature pendant (removable)<\/li>\n<\/ul>\n<p><strong>Lengths<\/strong><\/p>\n<ul>\n<li>N.1 ~ 50 cm<\/li>\n<li>N.2 ~ 70 cm<\/li>\n<li>N.3 ~ 90 cm<\/li>\n<\/ul>\n<p>Each piece comes in a HUITI\u00c8ME CIEL pouch, accompanied by a certificate of authenticity.<\/p>\n","protected":false},"excerpt":{"rendered":"<div class=\"wp-block-woocommerce-product-summary\" data-block-name=\"woocommerce\/product-summary\" data-is-descendent-of-single-product-template=\"true\">\n<div class=\"wc-block-components-product-summary is-style-default\">\n<p>Le Rang Signature HUITI\u00c8ME CIEL stands out for its versatility. Modular, it can be worn as a necklace or a multi-wrap bracelet and elegantly accommodates your pendants to create a style that is uniquely yours. <\/p>\n<\/div>\n<\/div>\n<div class=\"wc-block-components-notices alignwide\" data-block-name=\"woocommerce\/add-to-cart-with-options\" data-wp-interactive=\"woocommerce\/store-notices\" data-wp-context=\"{\"notices\":[]}\">\n<form class=\"wp-block-add-to-cart-with-options wc-block-add-to-cart-with-options is-style-woo-add-to-cart-with-options-1 wp-block-woocommerce-add-to-cart-with-options is-invalid\" data-wp-interactive=\"woocommerce\/add-to-cart-with-options\" data-wp-class--is-invalid=\"!state.isFormValid\" data-wp-on--submit=\"actions.handleSubmit\" data-wp-context=\"{\"quantity\":{\"91\":1,\"432\":1,\"433\":1,\"434\":1},\"validationErrors\":[],\"selectedAttributes\":[]}\">\n<div class=\"wp-block-woocommerce-add-to-cart-with-options-variation-selector\" role=\"list\" data-block-name=\"woocommerce\/add-to-cart-with-options-variation-selector\" data-wp-watch--validate=\"callbacks.validateVariation\" data-wp-watch=\"callbacks.setSelectedVariationId\">\n<div class=\"wp-block-woocommerce-add-to-cart-with-options-variation-selector-attribute\" role=\"listitem\" data-block-name=\"woocommerce\/add-to-cart-with-options-variation-selector-attribute\">\n<div class=\"wp-block-group is-vertical is-nowrap is-layout-flex wp-container-core-group-is-layout-b63da27e wp-block-group-is-layout-flex\">\n<div class=\"wp-block-woocommerce-add-to-cart-with-options-variation-selector-attribute-options\" data-block-name=\"woocommerce\/add-to-cart-with-options-variation-selector-attribute-options\">\n<div id=\"wc_product_attribute_6946e20a38454\" class=\"wc-block-add-to-cart-with-options-variation-selector-attribute-options__pills\" role=\"radiogroup\" aria-labelledby=\"wc_product_attribute_6946e20a38454_label\" data-wp-context=\"{\"name\":\"attribute_pa_longueur\",\"options\":[{\"value\":\"50-cm\",\"label\":\"50 cm\",\"isSelected\":false},{\"value\":\"70-cm\",\"label\":\"70 cm\",\"isSelected\":false},{\"value\":\"90-cm\",\"label\":\"90 cm\",\"isSelected\":false}],\"selectedValue\":null,\"focused\":\"\"}\" data-wp-init=\"callbacks.setDefaultSelectedAttribute\"><\/div>\n<\/div>\n<\/div>\n<\/div>\n<\/div>\n<div class=\"wc-block-components-product-stock-indicator wp-block-woocommerce-product-stock-indicator wc-block-components-product-stock-indicator--in-stock\" data-block-name=\"woocommerce\/product-stock-indicator\" data-style=\"{\"spacing\":{\"margin\":{\"top\":\"1rem\",\"bottom\":\"1rem\"}}}\" data-wp-interactive=\"woocommerce\/product-elements\" data-wp-text=\"state.productData.availability\" aria-live=\"polite\" aria-atomic=\"true\"><\/div>\n<div class=\"wp-block-group is-layout-flex wp-container-core-group-is-layout-53eaf630 wp-block-group-is-layout-flex\">\n<div class=\"wp-block-add-to-cart-with-options-quantity-selector wc-block-add-to-cart-with-options__quantity-selector wp-block-woocommerce-add-to-cart-with-options-quantity-selector\" data-block-name=\"woocommerce\/add-to-cart-with-options-quantity-selector\" data-quantity-selector-style=\"stepper\" data-wp-interactive=\"woocommerce\/add-to-cart-with-options-quantity-selector\" data-wp-bind--hidden=\"woocommerce\/add-to-cart-with-options-quantity-selector::!state.allowsQuantityChange\" data-wp-context=\"{\"productId\":91}\">\n<div class=\"quantity wc-block-components-quantity-selector\"><\/div>\n<\/div>\n<\/div>\n<\/form>\n<\/div>\n","protected":false},"featured_media":2826,"template":"","meta":{"jetpack_publicize_message":"","jetpack_publicize_feature_enabled":true,"jetpack_social_post_already_shared":true,"jetpack_social_options":{"image_generator_settings":{"template":"highway","default_image_id":0,"font":"","enabled":false},"version":2}},"product_brand":[],"product_cat":[93],"product_tag":[517,118],"class_list":{"0":"post-2811","1":"product","2":"type-product","3":"status-publish","4":"has-post-thumbnail","6":"product_cat-signatures","7":"product_tag-aventurine","8":"product_tag-blue-aventurine","10":"first","11":"instock","12":"featured","13":"shipping-taxable","14":"purchasable","15":"product-type-variable","16":"add-to-wishlist-after_add_to_cart"},"yoast_head":"<!-- This site is optimized with the Yoast SEO plugin v27.4 - https:\/\/yoast.com\/product\/yoast-seo-wordpress\/ -->\n<title>Signature Blue Aventurine - HUITI\u00c8ME CIEL<\/title>\n<meta name=\"robots\" content=\"index, follow, max-snippet:-1, max-image-preview:large, max-video-preview:-1\" \/>\n<link rel=\"canonical\" href=\"https:\/\/www.huitieme-ciel.com\/en\/shop\/signature-blue-aventurine\/\" \/>\n<meta property=\"og:locale\" content=\"en_US\" \/>\n<meta property=\"og:type\" content=\"article\" \/>\n<meta property=\"og:title\" content=\"Signature Blue Aventurine - HUITI\u00c8ME CIEL\" \/>\n<meta property=\"og:description\" content=\"Le Rang Signature HUITI\u00c8ME CIEL stands out for its versatility. Modular, it can be worn as a necklace or a multi-wrap bracelet and elegantly accommodates your pendants to create a style that is uniquely yours.\" \/>\n<meta property=\"og:url\" content=\"https:\/\/www.huitieme-ciel.com\/en\/shop\/signature-blue-aventurine\/\" \/>\n<meta property=\"og:site_name\" content=\"HUITI\u00c8ME CIEL\" \/>\n<meta property=\"article:publisher\" content=\"https:\/\/www.facebook.com\/huitiemeciel.bijoux\" \/>\n<meta property=\"article:modified_time\" content=\"2026-02-14T09:47:57+00:00\" \/>\n<meta property=\"og:image\" content=\"https:\/\/i0.wp.com\/www.huitieme-ciel.com\/wp-content\/uploads\/2026\/02\/HC-Aventurine_bleue_1-scaled.jpeg?fit=2560%2C2560&ssl=1\" \/>\n\t<meta property=\"og:image:width\" content=\"2560\" \/>\n\t<meta property=\"og:image:height\" content=\"2560\" \/>\n\t<meta property=\"og:image:type\" content=\"image\/jpeg\" \/>\n<meta name=\"twitter:card\" content=\"summary_large_image\" \/>\n<meta name=\"twitter:label1\" content=\"Est. reading time\" \/>\n\t<meta name=\"twitter:data1\" content=\"2 minutes\" \/>\n<script type=\"application\/ld+json\" class=\"yoast-schema-graph\">{\"@context\":\"https:\\\/\\\/schema.org\",\"@graph\":[{\"@type\":\"WebPage\",\"@id\":\"https:\\\/\\\/www.huitieme-ciel.com\\\/en\\\/shop\\\/signature-blue-aventurine\\\/\",\"url\":\"https:\\\/\\\/www.huitieme-ciel.com\\\/en\\\/shop\\\/signature-blue-aventurine\\\/\",\"name\":\"Signature Blue Aventurine - HUITI\u00c8ME CIEL\",\"isPartOf\":{\"@id\":\"https:\\\/\\\/www.huitieme-ciel.com\\\/en\\\/#website\"},\"primaryImageOfPage\":{\"@id\":\"https:\\\/\\\/www.huitieme-ciel.com\\\/en\\\/shop\\\/signature-blue-aventurine\\\/#primaryimage\"},\"image\":{\"@id\":\"https:\\\/\\\/www.huitieme-ciel.com\\\/en\\\/shop\\\/signature-blue-aventurine\\\/#primaryimage\"},\"thumbnailUrl\":\"https:\\\/\\\/i0.wp.com\\\/www.huitieme-ciel.com\\\/wp-content\\\/uploads\\\/2026\\\/02\\\/HC-Aventurine_bleue_1-scaled.jpeg?fit=2560%2C2560&ssl=1\",\"datePublished\":\"2026-02-13T21:17:25+00:00\",\"dateModified\":\"2026-02-14T09:47:57+00:00\",\"breadcrumb\":{\"@id\":\"https:\\\/\\\/www.huitieme-ciel.com\\\/en\\\/shop\\\/signature-blue-aventurine\\\/#breadcrumb\"},\"inLanguage\":\"en-US\",\"potentialAction\":[{\"@type\":\"ReadAction\",\"target\":[\"https:\\\/\\\/www.huitieme-ciel.com\\\/en\\\/shop\\\/signature-blue-aventurine\\\/\"]}]},{\"@type\":\"ImageObject\",\"inLanguage\":\"en-US\",\"@id\":\"https:\\\/\\\/www.huitieme-ciel.com\\\/en\\\/shop\\\/signature-blue-aventurine\\\/#primaryimage\",\"url\":\"https:\\\/\\\/i0.wp.com\\\/www.huitieme-ciel.com\\\/wp-content\\\/uploads\\\/2026\\\/02\\\/HC-Aventurine_bleue_1-scaled.jpeg?fit=2560%2C2560&ssl=1\",\"contentUrl\":\"https:\\\/\\\/i0.wp.com\\\/www.huitieme-ciel.com\\\/wp-content\\\/uploads\\\/2026\\\/02\\\/HC-Aventurine_bleue_1-scaled.jpeg?fit=2560%2C2560&ssl=1\",\"width\":2560,\"height\":2560,\"caption\":\"HUITI\u00c8ME CIEL - Rang Signature Blue Aventurine\"},{\"@type\":\"BreadcrumbList\",\"@id\":\"https:\\\/\\\/www.huitieme-ciel.com\\\/en\\\/shop\\\/signature-blue-aventurine\\\/#breadcrumb\",\"itemListElement\":[{\"@type\":\"ListItem\",\"position\":1,\"name\":\"Accueil\",\"item\":\"https:\\\/\\\/www.huitieme-ciel.com\\\/en\\\/\"},{\"@type\":\"ListItem\",\"position\":2,\"name\":\"Shop\",\"item\":\"https:\\\/\\\/www.huitieme-ciel.com\\\/en\\\/shop\\\/\"},{\"@type\":\"ListItem\",\"position\":3,\"name\":\"Signature Blue Aventurine\"}]},{\"@type\":\"WebSite\",\"@id\":\"https:\\\/\\\/www.huitieme-ciel.com\\\/en\\\/#website\",\"url\":\"https:\\\/\\\/www.huitieme-ciel.com\\\/en\\\/\",\"name\":\"HUITI\u00c8ME CIEL\",\"description\":\"Bijoux en pierres naturelles. Rangs de pierres fines lumineux. Cr\u00e9\u00e9s et assembl\u00e9s en France\",\"publisher\":{\"@id\":\"https:\\\/\\\/www.huitieme-ciel.com\\\/en\\\/#organization\"},\"potentialAction\":[{\"@type\":\"SearchAction\",\"target\":{\"@type\":\"EntryPoint\",\"urlTemplate\":\"https:\\\/\\\/www.huitieme-ciel.com\\\/en\\\/?s={search_term_string}\"},\"query-input\":{\"@type\":\"PropertyValueSpecification\",\"valueRequired\":true,\"valueName\":\"search_term_string\"}}],\"inLanguage\":\"en-US\"},{\"@type\":\"Organization\",\"@id\":\"https:\\\/\\\/www.huitieme-ciel.com\\\/en\\\/#organization\",\"name\":\"HUITI\u00c8ME CIEL\",\"url\":\"https:\\\/\\\/www.huitieme-ciel.com\\\/en\\\/\",\"logo\":{\"@type\":\"ImageObject\",\"inLanguage\":\"en-US\",\"@id\":\"https:\\\/\\\/www.huitieme-ciel.com\\\/en\\\/#\\\/schema\\\/logo\\\/image\\\/\",\"url\":\"https:\\\/\\\/i0.wp.com\\\/www.huitieme-ciel.com\\\/wp-content\\\/uploads\\\/2026\\\/02\\\/HC-200-x-200-px.png?fit=200%2C200&ssl=1\",\"contentUrl\":\"https:\\\/\\\/i0.wp.com\\\/www.huitieme-ciel.com\\\/wp-content\\\/uploads\\\/2026\\\/02\\\/HC-200-x-200-px.png?fit=200%2C200&ssl=1\",\"width\":200,\"height\":200,\"caption\":\"HUITI\u00c8ME CIEL\"},\"image\":{\"@id\":\"https:\\\/\\\/www.huitieme-ciel.com\\\/en\\\/#\\\/schema\\\/logo\\\/image\\\/\"},\"sameAs\":[\"https:\\\/\\\/www.facebook.com\\\/huitiemeciel.bijoux\",\"https:\\\/\\\/www.instagram.com\\\/huitieme.ciel\"]}]}<\/script>\n<!-- \/ Yoast SEO plugin. -->","yoast_head_json":{"title":"Signature Blue Aventurine - HUITI\u00c8ME CIEL","robots":{"index":"index","follow":"follow","max-snippet":"max-snippet:-1","max-image-preview":"max-image-preview:large","max-video-preview":"max-video-preview:-1"},"canonical":"https:\/\/www.huitieme-ciel.com\/en\/shop\/signature-blue-aventurine\/","og_locale":"en_US","og_type":"article","og_title":"Signature Blue Aventurine - HUITI\u00c8ME CIEL","og_description":"Le Rang Signature HUITI\u00c8ME CIEL stands out for its versatility. Modular, it can be worn as a necklace or a multi-wrap bracelet and elegantly accommodates your pendants to create a style that is uniquely yours.","og_url":"https:\/\/www.huitieme-ciel.com\/en\/shop\/signature-blue-aventurine\/","og_site_name":"HUITI\u00c8ME CIEL","article_publisher":"https:\/\/www.facebook.com\/huitiemeciel.bijoux","article_modified_time":"2026-02-14T09:47:57+00:00","og_image":[{"width":2560,"height":2560,"url":"https:\/\/i0.wp.com\/www.huitieme-ciel.com\/wp-content\/uploads\/2026\/02\/HC-Aventurine_bleue_1-scaled.jpeg?fit=2560%2C2560&ssl=1","type":"image\/jpeg"}],"twitter_card":"summary_large_image","twitter_misc":{"Est. reading time":"2 minutes"},"schema":{"@context":"https:\/\/schema.org","@graph":[{"@type":"WebPage","@id":"https:\/\/www.huitieme-ciel.com\/en\/shop\/signature-blue-aventurine\/","url":"https:\/\/www.huitieme-ciel.com\/en\/shop\/signature-blue-aventurine\/","name":"Signature Blue Aventurine - HUITI\u00c8ME CIEL","isPartOf":{"@id":"https:\/\/www.huitieme-ciel.com\/en\/#website"},"primaryImageOfPage":{"@id":"https:\/\/www.huitieme-ciel.com\/en\/shop\/signature-blue-aventurine\/#primaryimage"},"image":{"@id":"https:\/\/www.huitieme-ciel.com\/en\/shop\/signature-blue-aventurine\/#primaryimage"},"thumbnailUrl":"https:\/\/i0.wp.com\/www.huitieme-ciel.com\/wp-content\/uploads\/2026\/02\/HC-Aventurine_bleue_1-scaled.jpeg?fit=2560%2C2560&ssl=1","datePublished":"2026-02-13T21:17:25+00:00","dateModified":"2026-02-14T09:47:57+00:00","breadcrumb":{"@id":"https:\/\/www.huitieme-ciel.com\/en\/shop\/signature-blue-aventurine\/#breadcrumb"},"inLanguage":"en-US","potentialAction":[{"@type":"ReadAction","target":["https:\/\/www.huitieme-ciel.com\/en\/shop\/signature-blue-aventurine\/"]}]},{"@type":"ImageObject","inLanguage":"en-US","@id":"https:\/\/www.huitieme-ciel.com\/en\/shop\/signature-blue-aventurine\/#primaryimage","url":"https:\/\/i0.wp.com\/www.huitieme-ciel.com\/wp-content\/uploads\/2026\/02\/HC-Aventurine_bleue_1-scaled.jpeg?fit=2560%2C2560&ssl=1","contentUrl":"https:\/\/i0.wp.com\/www.huitieme-ciel.com\/wp-content\/uploads\/2026\/02\/HC-Aventurine_bleue_1-scaled.jpeg?fit=2560%2C2560&ssl=1","width":2560,"height":2560,"caption":"HUITI\u00c8ME CIEL - Rang Signature Blue Aventurine"},{"@type":"BreadcrumbList","@id":"https:\/\/www.huitieme-ciel.com\/en\/shop\/signature-blue-aventurine\/#breadcrumb","itemListElement":[{"@type":"ListItem","position":1,"name":"Accueil","item":"https:\/\/www.huitieme-ciel.com\/en\/"},{"@type":"ListItem","position":2,"name":"Shop","item":"https:\/\/www.huitieme-ciel.com\/en\/shop\/"},{"@type":"ListItem","position":3,"name":"Signature Blue Aventurine"}]},{"@type":"WebSite","@id":"https:\/\/www.huitieme-ciel.com\/en\/#website","url":"https:\/\/www.huitieme-ciel.com\/en\/","name":"HUITI\u00c8ME CIEL","description":"Bijoux en pierres naturelles. Rangs de pierres fines lumineux. Cr\u00e9\u00e9s et assembl\u00e9s en France","publisher":{"@id":"https:\/\/www.huitieme-ciel.com\/en\/#organization"},"potentialAction":[{"@type":"SearchAction","target":{"@type":"EntryPoint","urlTemplate":"https:\/\/www.huitieme-ciel.com\/en\/?s={search_term_string}"},"query-input":{"@type":"PropertyValueSpecification","valueRequired":true,"valueName":"search_term_string"}}],"inLanguage":"en-US"},{"@type":"Organization","@id":"https:\/\/www.huitieme-ciel.com\/en\/#organization","name":"HUITI\u00c8ME CIEL","url":"https:\/\/www.huitieme-ciel.com\/en\/","logo":{"@type":"ImageObject","inLanguage":"en-US","@id":"https:\/\/www.huitieme-ciel.com\/en\/#\/schema\/logo\/image\/","url":"https:\/\/i0.wp.com\/www.huitieme-ciel.com\/wp-content\/uploads\/2026\/02\/HC-200-x-200-px.png?fit=200%2C200&ssl=1","contentUrl":"https:\/\/i0.wp.com\/www.huitieme-ciel.com\/wp-content\/uploads\/2026\/02\/HC-200-x-200-px.png?fit=200%2C200&ssl=1","width":200,"height":200,"caption":"HUITI\u00c8ME CIEL"},"image":{"@id":"https:\/\/www.huitieme-ciel.com\/en\/#\/schema\/logo\/image\/"},"sameAs":["https:\/\/www.facebook.com\/huitiemeciel.bijoux","https:\/\/www.instagram.com\/huitieme.ciel"]}]}},"jetpack_publicize_connections":[],"jetpack_sharing_enabled":true,"_links":{"self":[{"href":"https:\/\/www.huitieme-ciel.com\/en\/wp-json\/wp\/v2\/product\/2811","targetHints":{"allow":["GET"]}}],"collection":[{"href":"https:\/\/www.huitieme-ciel.com\/en\/wp-json\/wp\/v2\/product"}],"about":[{"href":"https:\/\/www.huitieme-ciel.com\/en\/wp-json\/wp\/v2\/types\/product"}],"wp:featuredmedia":[{"embeddable":true,"href":"https:\/\/www.huitieme-ciel.com\/en\/wp-json\/wp\/v2\/media\/2826"}],"wp:attachment":[{"href":"https:\/\/www.huitieme-ciel.com\/en\/wp-json\/wp\/v2\/media?parent=2811"}],"wp:term":[{"taxonomy":"product_brand","embeddable":true,"href":"https:\/\/www.huitieme-ciel.com\/en\/wp-json\/wp\/v2\/product_brand?post=2811"},{"taxonomy":"product_cat","embeddable":true,"href":"https:\/\/www.huitieme-ciel.com\/en\/wp-json\/wp\/v2\/product_cat?post=2811"},{"taxonomy":"product_tag","embeddable":true,"href":"https:\/\/www.huitieme-ciel.com\/en\/wp-json\/wp\/v2\/product_tag?post=2811"}],"curies":[{"name":"wp","href":"https:\/\/api.w.org\/{rel}","templated":true}]}}