{"id":2178,"date":"2026-01-14T00:12:36","date_gmt":"2026-01-13T23:12:36","guid":{"rendered":"https:\/\/www.huitieme-ciel.com\/boutique\/geom\/"},"modified":"2026-03-11T18:11:29","modified_gmt":"2026-03-11T17:11:29","slug":"geom","status":"publish","type":"product","link":"https:\/\/www.huitieme-ciel.com\/en\/shop\/geom\/","title":{"rendered":"G\u00c9OM"},"content":{"rendered":"<p>At HUITI\u00c8ME CIEL, <strong>G\u00c9OM embodies a graphic presence of totemic inspiration, a vibrant pattern that is worn as protection.<\/strong><\/p>\n<p data-start=\"154\" data-end=\"349\">Designed to attach to the end of HUITI\u00c8ME CIEL <a href=\"..\/?product_cat=signatures\">Signatures<\/a> and <a href=\"..\/?product_cat=exclusifs\">Exclusifs<\/a>, this double-opening pendant clips delicately onto the strand\u2019s clasps, creating a clean, balanced and naturally harmonious drape.<\/p>\n<p data-start=\"351\" data-end=\"612\">Imagined to be <strong>worn at the drop point<\/strong>, its design reveals all the finesse, line and presence. Each pendant then becomes a visual anchor point: a signature, a way to express an allure, an intention, a personality. <\/p>\n<p data-start=\"614\" data-end=\"764\">Graphic, durable and interchangeable, it allows a strand to evolve with your moods, without ever losing the elegance that defines HUITI\u00c8ME CIEL.<\/p>\n<p data-start=\"766\" data-end=\"855\">At HUITI\u00c8ME CIEL, jewelry knows no end: every detail contributes to its beauty.<\/p>\n<p><strong>Details<\/strong><\/p>\n<ul>\n<li>Pendant compatible with all HUITI\u00c8ME CIEL <a href=\"..\/?product_cat=signatures\">Rangs Signatures<\/a> and <a href=\"..\/?product_cat=exclusifs\">Rangs Exclusifs<\/a><\/li>\n<li>System: double opening, attachment to strand clasps<\/li>\n<li>Material: stainless steel<\/li>\n<li>Finish: gold-plated<\/li>\n<li>Pendant sold separately<\/li>\n<\/ul>\n<p><strong>Measurements<\/strong><\/p>\n<ul>\n<li>Width: 3,2 cm<\/li>\n<li>Height: 1.5 cm<\/li>\n<\/ul>\n<p>Each pendant is presented in a HUITI\u00c8ME CIEL pouch.<\/p>\n<p>&nbsp;<\/p>\n<blockquote class=\"instagram-media\" style=\"background: #FFF; border: 0; border-radius: 3px; box-shadow: 0 0 1px 0 rgba(0,0,0,0.5),0 1px 10px 0 rgba(0,0,0,0.15); margin: 1px; max-width: 540px; min-width: 326px; padding: 0; width: calc(100% - 2px);\" data-instgrm-permalink=\"https:\/\/www.instagram.com\/reel\/DVDbr6YDDG8\/?utm_source=ig_embed&amp;utm_campaign=loading\" data-instgrm-version=\"14\">\n<div style=\"padding: 16px;\">\n<p>&nbsp;<\/p>\n<div style=\"display: flex; flex-direction: row; align-items: center;\">\n<div style=\"background-color: #f4f4f4; border-radius: 50%; flex-grow: 0; height: 40px; margin-right: 14px; width: 40px;\"><\/div>\n<div style=\"display: flex; flex-direction: column; flex-grow: 1; justify-content: center;\">\n<div style=\"background-color: #f4f4f4; border-radius: 4px; flex-grow: 0; height: 14px; margin-bottom: 6px; width: 100px;\"><\/div>\n<div style=\"background-color: #f4f4f4; border-radius: 4px; flex-grow: 0; height: 14px; width: 60px;\"><\/div>\n<\/div>\n<\/div>\n<div style=\"padding: 19% 0;\"><\/div>\n<div style=\"display: block; height: 50px; margin: 0 auto 12px; width: 50px;\"><\/div>\n<div style=\"padding-top: 8px;\">\n<div style=\"color: #3897f0; font-family: Arial,sans-serif; font-size: 14px; font-style: normal; font-weight: 550; line-height: 18px;\">View this post on Instagram<\/div>\n<\/div>\n<div style=\"padding: 12.5% 0;\"><\/div>\n<div style=\"display: flex; flex-direction: row; margin-bottom: 14px; align-items: center;\">\n<div>\n<div style=\"background-color: #f4f4f4; border-radius: 50%; height: 12.5px; width: 12.5px; transform: translateX(0px) translateY(7px);\"><\/div>\n<div style=\"background-color: #f4f4f4; height: 12.5px; transform: rotate(-45deg) translateX(3px) translateY(1px); width: 12.5px; flex-grow: 0; margin-right: 14px; margin-left: 2px;\"><\/div>\n<div style=\"background-color: #f4f4f4; border-radius: 50%; height: 12.5px; width: 12.5px; transform: translateX(9px) translateY(-18px);\"><\/div>\n<\/div>\n<div style=\"margin-left: 8px;\">\n<div style=\"background-color: #f4f4f4; border-radius: 50%; flex-grow: 0; height: 20px; width: 20px;\"><\/div>\n<div style=\"width: 0; height: 0; border-top: 2px solid transparent; border-left: 6px solid #f4f4f4; border-bottom: 2px solid transparent; transform: translateX(16px) translateY(-4px) rotate(30deg);\"><\/div>\n<\/div>\n<div style=\"margin-left: auto;\">\n<div style=\"width: 0px; border-top: 8px solid #F4F4F4; border-right: 8px solid transparent; transform: translateY(16px);\"><\/div>\n<div style=\"background-color: #f4f4f4; flex-grow: 0; height: 12px; width: 16px; transform: translateY(-4px);\"><\/div>\n<div style=\"width: 0; height: 0; border-top: 8px solid #F4F4F4; border-left: 8px solid transparent; transform: translateY(-4px) translateX(8px);\"><\/div>\n<\/div>\n<\/div>\n<div style=\"display: flex; flex-direction: column; flex-grow: 1; justify-content: center; margin-bottom: 24px;\">\n<div style=\"background-color: #f4f4f4; border-radius: 4px; flex-grow: 0; height: 14px; margin-bottom: 6px; width: 224px;\"><\/div>\n<div style=\"background-color: #f4f4f4; border-radius: 4px; flex-grow: 0; height: 14px; width: 144px;\"><\/div>\n<\/div>\n<p>&nbsp;<\/p>\n<p style=\"color: #c9c8cd; font-family: Arial,sans-serif; font-size: 14px; line-height: 17px; margin-bottom: 0; margin-top: 8px; overflow: hidden; padding: 8px 0 7px; text-align: center; text-overflow: ellipsis; white-space: nowrap;\"><a style=\"color: #c9c8cd; font-family: Arial,sans-serif; font-size: 14px; font-style: normal; font-weight: normal; line-height: 17px; text-decoration: none;\" href=\"https:\/\/www.instagram.com\/reel\/DVDbr6YDDG8\/?utm_source=ig_embed&amp;utm_campaign=loading\" target=\"_blank\" rel=\"noopener\">Une publication partag\u00e9e par HUITI\u00c8ME CIEL\u00ae Bijoux en pierres naturelles (@huitieme.ciel)<\/a><\/p>\n<\/div>\n<\/blockquote>\n<p><script async=\"\" src=\"\/\/www.instagram.com\/embed.js\"><\/script><\/p>\n","protected":false},"excerpt":{"rendered":"<p>A half-moon pendant with openwork lines, both graphic and delicately luminous, designed for women with artistic sensibility and a taste for symbols.<\/p>\n","protected":false},"featured_media":2176,"template":"","meta":{"jetpack_publicize_message":"","jetpack_publicize_feature_enabled":true,"jetpack_social_post_already_shared":true,"jetpack_social_options":{"image_generator_settings":{"template":"highway","default_image_id":0,"font":"","enabled":false},"version":2}},"product_brand":[],"product_cat":[88],"product_tag":[],"class_list":{"0":"post-2178","1":"product","2":"type-product","3":"status-publish","4":"has-post-thumbnail","6":"product_cat-pendants","8":"first","9":"instock","10":"shipping-taxable","11":"purchasable","12":"product-type-simple","13":"add-to-wishlist-after_add_to_cart"},"yoast_head":"<!-- This site is optimized with the Yoast SEO plugin v27.4 - https:\/\/yoast.com\/product\/yoast-seo-wordpress\/ -->\n<title>G\u00c9OM - HUITI\u00c8ME CIEL<\/title>\n<meta name=\"robots\" content=\"index, follow, max-snippet:-1, max-image-preview:large, max-video-preview:-1\" \/>\n<link rel=\"canonical\" href=\"https:\/\/www.huitieme-ciel.com\/en\/shop\/geom\/\" \/>\n<meta property=\"og:locale\" content=\"en_US\" \/>\n<meta property=\"og:type\" content=\"article\" \/>\n<meta property=\"og:title\" content=\"G\u00c9OM - HUITI\u00c8ME CIEL\" \/>\n<meta property=\"og:description\" content=\"A half-moon pendant with openwork lines, both graphic and delicately luminous, designed for women with artistic sensibility and a taste for symbols.\" \/>\n<meta property=\"og:url\" content=\"https:\/\/www.huitieme-ciel.com\/en\/shop\/geom\/\" \/>\n<meta property=\"og:site_name\" content=\"HUITI\u00c8ME CIEL\" \/>\n<meta property=\"article:publisher\" content=\"https:\/\/www.facebook.com\/huitiemeciel.bijoux\" \/>\n<meta property=\"article:modified_time\" content=\"2026-03-11T17:11:29+00:00\" \/>\n<meta property=\"og:image\" content=\"https:\/\/i0.wp.com\/www.huitieme-ciel.com\/wp-content\/uploads\/2026\/01\/HC_GEOM-scaled.jpeg?fit=2560%2C2560&ssl=1\" \/>\n\t<meta property=\"og:image:width\" content=\"2560\" \/>\n\t<meta property=\"og:image:height\" content=\"2560\" \/>\n\t<meta property=\"og:image:type\" content=\"image\/jpeg\" \/>\n<meta name=\"twitter:card\" content=\"summary_large_image\" \/>\n<meta name=\"twitter:label1\" content=\"Est. reading time\" \/>\n\t<meta name=\"twitter:data1\" content=\"1 minute\" \/>\n<script type=\"application\/ld+json\" class=\"yoast-schema-graph\">{\"@context\":\"https:\\\/\\\/schema.org\",\"@graph\":[{\"@type\":\"WebPage\",\"@id\":\"https:\\\/\\\/www.huitieme-ciel.com\\\/en\\\/shop\\\/geom\\\/\",\"url\":\"https:\\\/\\\/www.huitieme-ciel.com\\\/en\\\/shop\\\/geom\\\/\",\"name\":\"G\u00c9OM - HUITI\u00c8ME CIEL\",\"isPartOf\":{\"@id\":\"https:\\\/\\\/www.huitieme-ciel.com\\\/en\\\/#website\"},\"primaryImageOfPage\":{\"@id\":\"https:\\\/\\\/www.huitieme-ciel.com\\\/en\\\/shop\\\/geom\\\/#primaryimage\"},\"image\":{\"@id\":\"https:\\\/\\\/www.huitieme-ciel.com\\\/en\\\/shop\\\/geom\\\/#primaryimage\"},\"thumbnailUrl\":\"https:\\\/\\\/i0.wp.com\\\/www.huitieme-ciel.com\\\/wp-content\\\/uploads\\\/2026\\\/01\\\/HC_GEOM-scaled.jpeg?fit=2560%2C2560&ssl=1\",\"datePublished\":\"2026-01-13T23:12:36+00:00\",\"dateModified\":\"2026-03-11T17:11:29+00:00\",\"breadcrumb\":{\"@id\":\"https:\\\/\\\/www.huitieme-ciel.com\\\/en\\\/shop\\\/geom\\\/#breadcrumb\"},\"inLanguage\":\"en-US\",\"potentialAction\":[{\"@type\":\"ReadAction\",\"target\":[\"https:\\\/\\\/www.huitieme-ciel.com\\\/en\\\/shop\\\/geom\\\/\"]}]},{\"@type\":\"ImageObject\",\"inLanguage\":\"en-US\",\"@id\":\"https:\\\/\\\/www.huitieme-ciel.com\\\/en\\\/shop\\\/geom\\\/#primaryimage\",\"url\":\"https:\\\/\\\/i0.wp.com\\\/www.huitieme-ciel.com\\\/wp-content\\\/uploads\\\/2026\\\/01\\\/HC_GEOM-scaled.jpeg?fit=2560%2C2560&ssl=1\",\"contentUrl\":\"https:\\\/\\\/i0.wp.com\\\/www.huitieme-ciel.com\\\/wp-content\\\/uploads\\\/2026\\\/01\\\/HC_GEOM-scaled.jpeg?fit=2560%2C2560&ssl=1\",\"width\":2560,\"height\":2560,\"caption\":\"HUITI\u00c8ME CIEL - G\u00c9OM Pendent\"},{\"@type\":\"BreadcrumbList\",\"@id\":\"https:\\\/\\\/www.huitieme-ciel.com\\\/en\\\/shop\\\/geom\\\/#breadcrumb\",\"itemListElement\":[{\"@type\":\"ListItem\",\"position\":1,\"name\":\"Accueil\",\"item\":\"https:\\\/\\\/www.huitieme-ciel.com\\\/en\\\/\"},{\"@type\":\"ListItem\",\"position\":2,\"name\":\"Shop\",\"item\":\"https:\\\/\\\/www.huitieme-ciel.com\\\/en\\\/shop\\\/\"},{\"@type\":\"ListItem\",\"position\":3,\"name\":\"G\u00c9OM\"}]},{\"@type\":\"WebSite\",\"@id\":\"https:\\\/\\\/www.huitieme-ciel.com\\\/en\\\/#website\",\"url\":\"https:\\\/\\\/www.huitieme-ciel.com\\\/en\\\/\",\"name\":\"HUITI\u00c8ME CIEL\",\"description\":\"Bijoux en pierres naturelles. Rangs de pierres fines lumineux. Cr\u00e9\u00e9s et assembl\u00e9s en France\",\"publisher\":{\"@id\":\"https:\\\/\\\/www.huitieme-ciel.com\\\/en\\\/#organization\"},\"potentialAction\":[{\"@type\":\"SearchAction\",\"target\":{\"@type\":\"EntryPoint\",\"urlTemplate\":\"https:\\\/\\\/www.huitieme-ciel.com\\\/en\\\/?s={search_term_string}\"},\"query-input\":{\"@type\":\"PropertyValueSpecification\",\"valueRequired\":true,\"valueName\":\"search_term_string\"}}],\"inLanguage\":\"en-US\"},{\"@type\":\"Organization\",\"@id\":\"https:\\\/\\\/www.huitieme-ciel.com\\\/en\\\/#organization\",\"name\":\"HUITI\u00c8ME CIEL\",\"url\":\"https:\\\/\\\/www.huitieme-ciel.com\\\/en\\\/\",\"logo\":{\"@type\":\"ImageObject\",\"inLanguage\":\"en-US\",\"@id\":\"https:\\\/\\\/www.huitieme-ciel.com\\\/en\\\/#\\\/schema\\\/logo\\\/image\\\/\",\"url\":\"https:\\\/\\\/i0.wp.com\\\/www.huitieme-ciel.com\\\/wp-content\\\/uploads\\\/2026\\\/02\\\/HC-200-x-200-px.png?fit=200%2C200&ssl=1\",\"contentUrl\":\"https:\\\/\\\/i0.wp.com\\\/www.huitieme-ciel.com\\\/wp-content\\\/uploads\\\/2026\\\/02\\\/HC-200-x-200-px.png?fit=200%2C200&ssl=1\",\"width\":200,\"height\":200,\"caption\":\"HUITI\u00c8ME CIEL\"},\"image\":{\"@id\":\"https:\\\/\\\/www.huitieme-ciel.com\\\/en\\\/#\\\/schema\\\/logo\\\/image\\\/\"},\"sameAs\":[\"https:\\\/\\\/www.facebook.com\\\/huitiemeciel.bijoux\",\"https:\\\/\\\/www.instagram.com\\\/huitieme.ciel\"]}]}<\/script>\n<!-- \/ Yoast SEO plugin. -->","yoast_head_json":{"title":"G\u00c9OM - HUITI\u00c8ME CIEL","robots":{"index":"index","follow":"follow","max-snippet":"max-snippet:-1","max-image-preview":"max-image-preview:large","max-video-preview":"max-video-preview:-1"},"canonical":"https:\/\/www.huitieme-ciel.com\/en\/shop\/geom\/","og_locale":"en_US","og_type":"article","og_title":"G\u00c9OM - HUITI\u00c8ME CIEL","og_description":"A half-moon pendant with openwork lines, both graphic and delicately luminous, designed for women with artistic sensibility and a taste for symbols.","og_url":"https:\/\/www.huitieme-ciel.com\/en\/shop\/geom\/","og_site_name":"HUITI\u00c8ME CIEL","article_publisher":"https:\/\/www.facebook.com\/huitiemeciel.bijoux","article_modified_time":"2026-03-11T17:11:29+00:00","og_image":[{"width":2560,"height":2560,"url":"https:\/\/i0.wp.com\/www.huitieme-ciel.com\/wp-content\/uploads\/2026\/01\/HC_GEOM-scaled.jpeg?fit=2560%2C2560&ssl=1","type":"image\/jpeg"}],"twitter_card":"summary_large_image","twitter_misc":{"Est. reading time":"1 minute"},"schema":{"@context":"https:\/\/schema.org","@graph":[{"@type":"WebPage","@id":"https:\/\/www.huitieme-ciel.com\/en\/shop\/geom\/","url":"https:\/\/www.huitieme-ciel.com\/en\/shop\/geom\/","name":"G\u00c9OM - HUITI\u00c8ME CIEL","isPartOf":{"@id":"https:\/\/www.huitieme-ciel.com\/en\/#website"},"primaryImageOfPage":{"@id":"https:\/\/www.huitieme-ciel.com\/en\/shop\/geom\/#primaryimage"},"image":{"@id":"https:\/\/www.huitieme-ciel.com\/en\/shop\/geom\/#primaryimage"},"thumbnailUrl":"https:\/\/i0.wp.com\/www.huitieme-ciel.com\/wp-content\/uploads\/2026\/01\/HC_GEOM-scaled.jpeg?fit=2560%2C2560&ssl=1","datePublished":"2026-01-13T23:12:36+00:00","dateModified":"2026-03-11T17:11:29+00:00","breadcrumb":{"@id":"https:\/\/www.huitieme-ciel.com\/en\/shop\/geom\/#breadcrumb"},"inLanguage":"en-US","potentialAction":[{"@type":"ReadAction","target":["https:\/\/www.huitieme-ciel.com\/en\/shop\/geom\/"]}]},{"@type":"ImageObject","inLanguage":"en-US","@id":"https:\/\/www.huitieme-ciel.com\/en\/shop\/geom\/#primaryimage","url":"https:\/\/i0.wp.com\/www.huitieme-ciel.com\/wp-content\/uploads\/2026\/01\/HC_GEOM-scaled.jpeg?fit=2560%2C2560&ssl=1","contentUrl":"https:\/\/i0.wp.com\/www.huitieme-ciel.com\/wp-content\/uploads\/2026\/01\/HC_GEOM-scaled.jpeg?fit=2560%2C2560&ssl=1","width":2560,"height":2560,"caption":"HUITI\u00c8ME CIEL - G\u00c9OM Pendent"},{"@type":"BreadcrumbList","@id":"https:\/\/www.huitieme-ciel.com\/en\/shop\/geom\/#breadcrumb","itemListElement":[{"@type":"ListItem","position":1,"name":"Accueil","item":"https:\/\/www.huitieme-ciel.com\/en\/"},{"@type":"ListItem","position":2,"name":"Shop","item":"https:\/\/www.huitieme-ciel.com\/en\/shop\/"},{"@type":"ListItem","position":3,"name":"G\u00c9OM"}]},{"@type":"WebSite","@id":"https:\/\/www.huitieme-ciel.com\/en\/#website","url":"https:\/\/www.huitieme-ciel.com\/en\/","name":"HUITI\u00c8ME CIEL","description":"Bijoux en pierres naturelles. Rangs de pierres fines lumineux. Cr\u00e9\u00e9s et assembl\u00e9s en France","publisher":{"@id":"https:\/\/www.huitieme-ciel.com\/en\/#organization"},"potentialAction":[{"@type":"SearchAction","target":{"@type":"EntryPoint","urlTemplate":"https:\/\/www.huitieme-ciel.com\/en\/?s={search_term_string}"},"query-input":{"@type":"PropertyValueSpecification","valueRequired":true,"valueName":"search_term_string"}}],"inLanguage":"en-US"},{"@type":"Organization","@id":"https:\/\/www.huitieme-ciel.com\/en\/#organization","name":"HUITI\u00c8ME CIEL","url":"https:\/\/www.huitieme-ciel.com\/en\/","logo":{"@type":"ImageObject","inLanguage":"en-US","@id":"https:\/\/www.huitieme-ciel.com\/en\/#\/schema\/logo\/image\/","url":"https:\/\/i0.wp.com\/www.huitieme-ciel.com\/wp-content\/uploads\/2026\/02\/HC-200-x-200-px.png?fit=200%2C200&ssl=1","contentUrl":"https:\/\/i0.wp.com\/www.huitieme-ciel.com\/wp-content\/uploads\/2026\/02\/HC-200-x-200-px.png?fit=200%2C200&ssl=1","width":200,"height":200,"caption":"HUITI\u00c8ME CIEL"},"image":{"@id":"https:\/\/www.huitieme-ciel.com\/en\/#\/schema\/logo\/image\/"},"sameAs":["https:\/\/www.facebook.com\/huitiemeciel.bijoux","https:\/\/www.instagram.com\/huitieme.ciel"]}]}},"jetpack_publicize_connections":[],"jetpack_sharing_enabled":true,"_links":{"self":[{"href":"https:\/\/www.huitieme-ciel.com\/en\/wp-json\/wp\/v2\/product\/2178","targetHints":{"allow":["GET"]}}],"collection":[{"href":"https:\/\/www.huitieme-ciel.com\/en\/wp-json\/wp\/v2\/product"}],"about":[{"href":"https:\/\/www.huitieme-ciel.com\/en\/wp-json\/wp\/v2\/types\/product"}],"wp:featuredmedia":[{"embeddable":true,"href":"https:\/\/www.huitieme-ciel.com\/en\/wp-json\/wp\/v2\/media\/2176"}],"wp:attachment":[{"href":"https:\/\/www.huitieme-ciel.com\/en\/wp-json\/wp\/v2\/media?parent=2178"}],"wp:term":[{"taxonomy":"product_brand","embeddable":true,"href":"https:\/\/www.huitieme-ciel.com\/en\/wp-json\/wp\/v2\/product_brand?post=2178"},{"taxonomy":"product_cat","embeddable":true,"href":"https:\/\/www.huitieme-ciel.com\/en\/wp-json\/wp\/v2\/product_cat?post=2178"},{"taxonomy":"product_tag","embeddable":true,"href":"https:\/\/www.huitieme-ciel.com\/en\/wp-json\/wp\/v2\/product_tag?post=2178"}],"curies":[{"name":"wp","href":"https:\/\/api.w.org\/{rel}","templated":true}]}}