{"id":2119,"date":"2025-12-04T22:36:35","date_gmt":"2025-12-04T21:36:35","guid":{"rendered":"https:\/\/www.huitieme-ciel.com\/boutique\/lecrin\/"},"modified":"2026-03-10T17:43:29","modified_gmt":"2026-03-10T16:43:29","slug":"lecrin","status":"publish","type":"product","link":"https:\/\/www.huitieme-ciel.com\/en\/shop\/lecrin\/","title":{"rendered":"L&#8217;\u00e9crin"},"content":{"rendered":"<p>Our deep green velvet jewelry box, enhanced with the golden HUITI\u00c8ME CIEL signature, was designed as a more refined presentation than the pouch accompanying each piece of jewelry.<\/p>\n<p>Perfect for a gift chosen with intention or to keep your piece protected, it adds an extra touch of sophistication.<\/p>\n<p data-start=\"1194\" data-end=\"1205\"><strong data-start=\"1194\" data-end=\"1205\">Measurements<\/strong><\/p>\n<ul>\n<li data-start=\"1207\" data-end=\"1263\">Length: 22 cm<\/li>\n<li data-start=\"1207\" data-end=\"1263\">Width: 5.5 cm<\/li>\n<li data-start=\"1207\" data-end=\"1263\">Height: 3.5 cm<\/li>\n<\/ul>\n<p>&nbsp;<\/p>\n","protected":false},"excerpt":{"rendered":"<p>HUITI\u00c8ME CIEL signature jewelry box to preserve and showcase precious strands of fine gemstones.<\/p>\n","protected":false},"featured_media":2115,"template":"","meta":{"jetpack_publicize_message":"","jetpack_publicize_feature_enabled":true,"jetpack_social_post_already_shared":true,"jetpack_social_options":{"image_generator_settings":{"template":"highway","default_image_id":0,"font":"","enabled":false},"version":2}},"product_brand":[],"product_cat":[85],"product_tag":[],"class_list":{"0":"post-2119","1":"product","2":"type-product","3":"status-publish","4":"has-post-thumbnail","6":"product_cat-boxes","7":"product_shipping_class-large-envelope","9":"first","10":"instock","11":"shipping-taxable","12":"purchasable","13":"product-type-simple","14":"add-to-wishlist-after_add_to_cart"},"yoast_head":"<!-- This site is optimized with the Yoast SEO plugin v27.4 - https:\/\/yoast.com\/product\/yoast-seo-wordpress\/ -->\n<title>L&#039;\u00e9crin - HUITI\u00c8ME CIEL<\/title>\n<meta name=\"robots\" content=\"index, follow, max-snippet:-1, max-image-preview:large, max-video-preview:-1\" \/>\n<link rel=\"canonical\" href=\"https:\/\/www.huitieme-ciel.com\/en\/shop\/lecrin\/\" \/>\n<meta property=\"og:locale\" content=\"en_US\" \/>\n<meta property=\"og:type\" content=\"article\" \/>\n<meta property=\"og:title\" content=\"L&#039;\u00e9crin - HUITI\u00c8ME CIEL\" \/>\n<meta property=\"og:description\" content=\"HUITI\u00c8ME CIEL signature jewelry box to preserve and showcase precious strands of fine gemstones.\" \/>\n<meta property=\"og:url\" content=\"https:\/\/www.huitieme-ciel.com\/en\/shop\/lecrin\/\" \/>\n<meta property=\"og:site_name\" content=\"HUITI\u00c8ME CIEL\" \/>\n<meta property=\"article:publisher\" content=\"https:\/\/www.facebook.com\/huitiemeciel.bijoux\" \/>\n<meta property=\"article:modified_time\" content=\"2026-03-10T16:43:29+00:00\" \/>\n<meta property=\"og:image\" content=\"https:\/\/i0.wp.com\/www.huitieme-ciel.com\/wp-content\/uploads\/2025\/12\/HC-EC-Ecrin_1-scaled.jpeg?fit=2560%2C2560&ssl=1\" \/>\n\t<meta property=\"og:image:width\" content=\"2560\" \/>\n\t<meta property=\"og:image:height\" content=\"2560\" \/>\n\t<meta property=\"og:image:type\" content=\"image\/jpeg\" \/>\n<meta name=\"twitter:card\" content=\"summary_large_image\" \/>\n<script type=\"application\/ld+json\" class=\"yoast-schema-graph\">{\"@context\":\"https:\\\/\\\/schema.org\",\"@graph\":[{\"@type\":\"WebPage\",\"@id\":\"https:\\\/\\\/www.huitieme-ciel.com\\\/en\\\/shop\\\/lecrin\\\/\",\"url\":\"https:\\\/\\\/www.huitieme-ciel.com\\\/en\\\/shop\\\/lecrin\\\/\",\"name\":\"L'\u00e9crin - HUITI\u00c8ME CIEL\",\"isPartOf\":{\"@id\":\"https:\\\/\\\/www.huitieme-ciel.com\\\/en\\\/#website\"},\"primaryImageOfPage\":{\"@id\":\"https:\\\/\\\/www.huitieme-ciel.com\\\/en\\\/shop\\\/lecrin\\\/#primaryimage\"},\"image\":{\"@id\":\"https:\\\/\\\/www.huitieme-ciel.com\\\/en\\\/shop\\\/lecrin\\\/#primaryimage\"},\"thumbnailUrl\":\"https:\\\/\\\/i0.wp.com\\\/www.huitieme-ciel.com\\\/wp-content\\\/uploads\\\/2025\\\/12\\\/HC-EC-Ecrin_1-scaled.jpeg?fit=2560%2C2560&ssl=1\",\"datePublished\":\"2025-12-04T21:36:35+00:00\",\"dateModified\":\"2026-03-10T16:43:29+00:00\",\"breadcrumb\":{\"@id\":\"https:\\\/\\\/www.huitieme-ciel.com\\\/en\\\/shop\\\/lecrin\\\/#breadcrumb\"},\"inLanguage\":\"en-US\",\"potentialAction\":[{\"@type\":\"ReadAction\",\"target\":[\"https:\\\/\\\/www.huitieme-ciel.com\\\/en\\\/shop\\\/lecrin\\\/\"]}]},{\"@type\":\"ImageObject\",\"inLanguage\":\"en-US\",\"@id\":\"https:\\\/\\\/www.huitieme-ciel.com\\\/en\\\/shop\\\/lecrin\\\/#primaryimage\",\"url\":\"https:\\\/\\\/i0.wp.com\\\/www.huitieme-ciel.com\\\/wp-content\\\/uploads\\\/2025\\\/12\\\/HC-EC-Ecrin_1-scaled.jpeg?fit=2560%2C2560&ssl=1\",\"contentUrl\":\"https:\\\/\\\/i0.wp.com\\\/www.huitieme-ciel.com\\\/wp-content\\\/uploads\\\/2025\\\/12\\\/HC-EC-Ecrin_1-scaled.jpeg?fit=2560%2C2560&ssl=1\",\"width\":2560,\"height\":2560,\"caption\":\"HUITI\u00c8ME CIEL - Ecrin\"},{\"@type\":\"BreadcrumbList\",\"@id\":\"https:\\\/\\\/www.huitieme-ciel.com\\\/en\\\/shop\\\/lecrin\\\/#breadcrumb\",\"itemListElement\":[{\"@type\":\"ListItem\",\"position\":1,\"name\":\"Accueil\",\"item\":\"https:\\\/\\\/www.huitieme-ciel.com\\\/en\\\/\"},{\"@type\":\"ListItem\",\"position\":2,\"name\":\"Shop\",\"item\":\"https:\\\/\\\/www.huitieme-ciel.com\\\/en\\\/shop\\\/\"},{\"@type\":\"ListItem\",\"position\":3,\"name\":\"L&#8217;\u00e9crin\"}]},{\"@type\":\"WebSite\",\"@id\":\"https:\\\/\\\/www.huitieme-ciel.com\\\/en\\\/#website\",\"url\":\"https:\\\/\\\/www.huitieme-ciel.com\\\/en\\\/\",\"name\":\"HUITI\u00c8ME CIEL\",\"description\":\"Bijoux en pierres naturelles. Rangs de pierres fines lumineux. Cr\u00e9\u00e9s et assembl\u00e9s en France\",\"publisher\":{\"@id\":\"https:\\\/\\\/www.huitieme-ciel.com\\\/en\\\/#organization\"},\"potentialAction\":[{\"@type\":\"SearchAction\",\"target\":{\"@type\":\"EntryPoint\",\"urlTemplate\":\"https:\\\/\\\/www.huitieme-ciel.com\\\/en\\\/?s={search_term_string}\"},\"query-input\":{\"@type\":\"PropertyValueSpecification\",\"valueRequired\":true,\"valueName\":\"search_term_string\"}}],\"inLanguage\":\"en-US\"},{\"@type\":\"Organization\",\"@id\":\"https:\\\/\\\/www.huitieme-ciel.com\\\/en\\\/#organization\",\"name\":\"HUITI\u00c8ME CIEL\",\"url\":\"https:\\\/\\\/www.huitieme-ciel.com\\\/en\\\/\",\"logo\":{\"@type\":\"ImageObject\",\"inLanguage\":\"en-US\",\"@id\":\"https:\\\/\\\/www.huitieme-ciel.com\\\/en\\\/#\\\/schema\\\/logo\\\/image\\\/\",\"url\":\"https:\\\/\\\/i0.wp.com\\\/www.huitieme-ciel.com\\\/wp-content\\\/uploads\\\/2026\\\/02\\\/HC-200-x-200-px.png?fit=200%2C200&ssl=1\",\"contentUrl\":\"https:\\\/\\\/i0.wp.com\\\/www.huitieme-ciel.com\\\/wp-content\\\/uploads\\\/2026\\\/02\\\/HC-200-x-200-px.png?fit=200%2C200&ssl=1\",\"width\":200,\"height\":200,\"caption\":\"HUITI\u00c8ME CIEL\"},\"image\":{\"@id\":\"https:\\\/\\\/www.huitieme-ciel.com\\\/en\\\/#\\\/schema\\\/logo\\\/image\\\/\"},\"sameAs\":[\"https:\\\/\\\/www.facebook.com\\\/huitiemeciel.bijoux\",\"https:\\\/\\\/www.instagram.com\\\/huitieme.ciel\"]}]}<\/script>\n<!-- \/ Yoast SEO plugin. -->","yoast_head_json":{"title":"L'\u00e9crin - HUITI\u00c8ME CIEL","robots":{"index":"index","follow":"follow","max-snippet":"max-snippet:-1","max-image-preview":"max-image-preview:large","max-video-preview":"max-video-preview:-1"},"canonical":"https:\/\/www.huitieme-ciel.com\/en\/shop\/lecrin\/","og_locale":"en_US","og_type":"article","og_title":"L'\u00e9crin - HUITI\u00c8ME CIEL","og_description":"HUITI\u00c8ME CIEL signature jewelry box to preserve and showcase precious strands of fine gemstones.","og_url":"https:\/\/www.huitieme-ciel.com\/en\/shop\/lecrin\/","og_site_name":"HUITI\u00c8ME CIEL","article_publisher":"https:\/\/www.facebook.com\/huitiemeciel.bijoux","article_modified_time":"2026-03-10T16:43:29+00:00","og_image":[{"width":2560,"height":2560,"url":"https:\/\/i0.wp.com\/www.huitieme-ciel.com\/wp-content\/uploads\/2025\/12\/HC-EC-Ecrin_1-scaled.jpeg?fit=2560%2C2560&ssl=1","type":"image\/jpeg"}],"twitter_card":"summary_large_image","schema":{"@context":"https:\/\/schema.org","@graph":[{"@type":"WebPage","@id":"https:\/\/www.huitieme-ciel.com\/en\/shop\/lecrin\/","url":"https:\/\/www.huitieme-ciel.com\/en\/shop\/lecrin\/","name":"L'\u00e9crin - HUITI\u00c8ME CIEL","isPartOf":{"@id":"https:\/\/www.huitieme-ciel.com\/en\/#website"},"primaryImageOfPage":{"@id":"https:\/\/www.huitieme-ciel.com\/en\/shop\/lecrin\/#primaryimage"},"image":{"@id":"https:\/\/www.huitieme-ciel.com\/en\/shop\/lecrin\/#primaryimage"},"thumbnailUrl":"https:\/\/i0.wp.com\/www.huitieme-ciel.com\/wp-content\/uploads\/2025\/12\/HC-EC-Ecrin_1-scaled.jpeg?fit=2560%2C2560&ssl=1","datePublished":"2025-12-04T21:36:35+00:00","dateModified":"2026-03-10T16:43:29+00:00","breadcrumb":{"@id":"https:\/\/www.huitieme-ciel.com\/en\/shop\/lecrin\/#breadcrumb"},"inLanguage":"en-US","potentialAction":[{"@type":"ReadAction","target":["https:\/\/www.huitieme-ciel.com\/en\/shop\/lecrin\/"]}]},{"@type":"ImageObject","inLanguage":"en-US","@id":"https:\/\/www.huitieme-ciel.com\/en\/shop\/lecrin\/#primaryimage","url":"https:\/\/i0.wp.com\/www.huitieme-ciel.com\/wp-content\/uploads\/2025\/12\/HC-EC-Ecrin_1-scaled.jpeg?fit=2560%2C2560&ssl=1","contentUrl":"https:\/\/i0.wp.com\/www.huitieme-ciel.com\/wp-content\/uploads\/2025\/12\/HC-EC-Ecrin_1-scaled.jpeg?fit=2560%2C2560&ssl=1","width":2560,"height":2560,"caption":"HUITI\u00c8ME CIEL - Ecrin"},{"@type":"BreadcrumbList","@id":"https:\/\/www.huitieme-ciel.com\/en\/shop\/lecrin\/#breadcrumb","itemListElement":[{"@type":"ListItem","position":1,"name":"Accueil","item":"https:\/\/www.huitieme-ciel.com\/en\/"},{"@type":"ListItem","position":2,"name":"Shop","item":"https:\/\/www.huitieme-ciel.com\/en\/shop\/"},{"@type":"ListItem","position":3,"name":"L&#8217;\u00e9crin"}]},{"@type":"WebSite","@id":"https:\/\/www.huitieme-ciel.com\/en\/#website","url":"https:\/\/www.huitieme-ciel.com\/en\/","name":"HUITI\u00c8ME CIEL","description":"Bijoux en pierres naturelles. Rangs de pierres fines lumineux. Cr\u00e9\u00e9s et assembl\u00e9s en France","publisher":{"@id":"https:\/\/www.huitieme-ciel.com\/en\/#organization"},"potentialAction":[{"@type":"SearchAction","target":{"@type":"EntryPoint","urlTemplate":"https:\/\/www.huitieme-ciel.com\/en\/?s={search_term_string}"},"query-input":{"@type":"PropertyValueSpecification","valueRequired":true,"valueName":"search_term_string"}}],"inLanguage":"en-US"},{"@type":"Organization","@id":"https:\/\/www.huitieme-ciel.com\/en\/#organization","name":"HUITI\u00c8ME CIEL","url":"https:\/\/www.huitieme-ciel.com\/en\/","logo":{"@type":"ImageObject","inLanguage":"en-US","@id":"https:\/\/www.huitieme-ciel.com\/en\/#\/schema\/logo\/image\/","url":"https:\/\/i0.wp.com\/www.huitieme-ciel.com\/wp-content\/uploads\/2026\/02\/HC-200-x-200-px.png?fit=200%2C200&ssl=1","contentUrl":"https:\/\/i0.wp.com\/www.huitieme-ciel.com\/wp-content\/uploads\/2026\/02\/HC-200-x-200-px.png?fit=200%2C200&ssl=1","width":200,"height":200,"caption":"HUITI\u00c8ME CIEL"},"image":{"@id":"https:\/\/www.huitieme-ciel.com\/en\/#\/schema\/logo\/image\/"},"sameAs":["https:\/\/www.facebook.com\/huitiemeciel.bijoux","https:\/\/www.instagram.com\/huitieme.ciel"]}]}},"jetpack_publicize_connections":[],"jetpack_sharing_enabled":true,"_links":{"self":[{"href":"https:\/\/www.huitieme-ciel.com\/en\/wp-json\/wp\/v2\/product\/2119","targetHints":{"allow":["GET"]}}],"collection":[{"href":"https:\/\/www.huitieme-ciel.com\/en\/wp-json\/wp\/v2\/product"}],"about":[{"href":"https:\/\/www.huitieme-ciel.com\/en\/wp-json\/wp\/v2\/types\/product"}],"wp:featuredmedia":[{"embeddable":true,"href":"https:\/\/www.huitieme-ciel.com\/en\/wp-json\/wp\/v2\/media\/2115"}],"wp:attachment":[{"href":"https:\/\/www.huitieme-ciel.com\/en\/wp-json\/wp\/v2\/media?parent=2119"}],"wp:term":[{"taxonomy":"product_brand","embeddable":true,"href":"https:\/\/www.huitieme-ciel.com\/en\/wp-json\/wp\/v2\/product_brand?post=2119"},{"taxonomy":"product_cat","embeddable":true,"href":"https:\/\/www.huitieme-ciel.com\/en\/wp-json\/wp\/v2\/product_cat?post=2119"},{"taxonomy":"product_tag","embeddable":true,"href":"https:\/\/www.huitieme-ciel.com\/en\/wp-json\/wp\/v2\/product_tag?post=2119"}],"curies":[{"name":"wp","href":"https:\/\/api.w.org\/{rel}","templated":true}]}}