{"id":2224,"date":"2025-12-08T15:58:13","date_gmt":"2025-12-08T14:58:13","guid":{"rendered":"https:\/\/www.huitieme-ciel.com\/our-story\/"},"modified":"2026-02-13T23:15:57","modified_gmt":"2026-02-13T22:15:57","slug":"our-story","status":"publish","type":"page","link":"https:\/\/www.huitieme-ciel.com\/en\/our-story\/","title":{"rendered":"Our Story"},"content":{"rendered":"\n<p><strong>HUITI\u00c8ME CIEL<\/strong> was born from an inner impulse: not to limit myself, and to give myself more permission.<\/p>\n\n<p>Creating jewelry opened a new chapter for me.<br\/>Not because I changed my life, but because I chose to write one more page.<\/p>\n\n<p>I did not leave anything behind.<br\/>I added.<br\/>Experimented. Dared. <\/p>\n\n<p>HUITI\u00c8ME CIEL became an additional space for creation, expression, and freedom.<br\/>A place where I want jewelry to hold meaning as much for what it is as for what it evokes.<\/p>\n\n<p>I imagined fine, luminous, and enduring jewelry, halfway between <strong>fine jewelry<\/strong> and <strong>everyday jewelry<\/strong>.<\/p>\n\n<p>Refined and accessible pieces.<br\/>Jewelry I love to wear every day, naturally,<br\/>and that remains, in my eyes, a little exceptional.<\/p>\n\n<p>I hope it will be the same for you.<\/p>\n\n<hr class=\"wp-block-separator has-alpha-channel-opacity is-style-default\"\/>\n\n<h4 class=\"wp-block-heading\"><strong>The Duo<\/strong><\/h4>\n\n<div class=\"wp-block-group alignfull has-accent-background-color has-background is-vertical is-layout-flex wp-container-core-group-is-layout-fe9cc265 wp-block-group-is-layout-flex\">\n<div class=\"wp-block-cover alignfull is-light\" style=\"min-height:800px;aspect-ratio:unset;\"><img loading=\"lazy\" decoding=\"async\" width=\"1200\" height=\"1200\" class=\"wp-block-cover__image-background wp-image-1334 size-large\" alt=\"\" src=\"\/wp-content\/uploads\/2026\/01\/Sara-1200x1200.jpeg\" style=\"object-position:46% 32%\" data-object-fit=\"cover\" data-object-position=\"46% 32%\" srcset=\"https:\/\/i0.wp.com\/www.huitieme-ciel.com\/wp-content\/uploads\/2026\/01\/Sara.jpeg?resize=1200%2C1200&amp;ssl=1 1200w, https:\/\/i0.wp.com\/www.huitieme-ciel.com\/wp-content\/uploads\/2026\/01\/Sara.jpeg?resize=360%2C360&amp;ssl=1 360w, https:\/\/i0.wp.com\/www.huitieme-ciel.com\/wp-content\/uploads\/2026\/01\/Sara.jpeg?resize=300%2C300&amp;ssl=1 300w, https:\/\/i0.wp.com\/www.huitieme-ciel.com\/wp-content\/uploads\/2026\/01\/Sara.jpeg?resize=768%2C768&amp;ssl=1 768w, https:\/\/i0.wp.com\/www.huitieme-ciel.com\/wp-content\/uploads\/2026\/01\/Sara.jpeg?resize=1536%2C1536&amp;ssl=1 1536w, https:\/\/i0.wp.com\/www.huitieme-ciel.com\/wp-content\/uploads\/2026\/01\/Sara.jpeg?resize=2048%2C2048&amp;ssl=1 2048w, https:\/\/i0.wp.com\/www.huitieme-ciel.com\/wp-content\/uploads\/2026\/01\/Sara.jpeg?resize=600%2C600&amp;ssl=1 600w, https:\/\/i0.wp.com\/www.huitieme-ciel.com\/wp-content\/uploads\/2026\/01\/Sara.jpeg?resize=100%2C100&amp;ssl=1 100w\" sizes=\"auto, (max-width: 1000px) 100vw, 1000px\" \/><span aria-hidden=\"true\" class=\"wp-block-cover__background has-background-dim-40 has-background-dim\" style=\"background-color:#858585\"><\/span><div class=\"wp-block-cover__inner-container is-layout-flow wp-block-cover-is-layout-flow\">\n<h2 class=\"wp-block-heading alignwide has-light-color has-text-color\" style=\"font-size:clamp(35.2px, 2.2rem + ((1vw - 3.2px) * 2.824), 64px);\">Sara,<\/h2>\n\n\n\n<h2 class=\"wp-block-heading has-light-color has-text-color has-link-color wp-elements-d84c68935f5074084fc28953dae7da0b\" style=\"margin-top:0;margin-bottom:0\">Creator &amp; <strong>Voice of HUITI\u00c8ME CIEL<\/strong><\/h2>\n\n\n\n<div class=\"wp-block-columns alignwide is-layout-flex wp-container-core-columns-is-layout-28f84493 wp-block-columns-is-layout-flex\">\n<div class=\"wp-block-column is-layout-flow wp-block-column-is-layout-flow\" style=\"flex-basis:55%\">\n<div style=\"height:520px\" aria-hidden=\"true\" class=\"wp-block-spacer\"><\/div>\n\n\n\n<p class=\"has-light-color has-text-color\" style=\"font-size:clamp(14px, 0.875rem + ((1vw - 3.2px) * 0.588), 20px);line-height:1.3\"><strong>I see myself as a woman attentive to beauty as much as to the depth of things, to what unfolds and is felt within us.<br\/>A passionate psychologist for more than thirteen years, I draw inspiration from the symbols, stories, and emotions that run through our daily lives.<\/strong><\/p>\n<\/div>\n\n\n\n<div class=\"wp-block-column is-layout-flow wp-block-column-is-layout-flow\"><\/div>\n<\/div>\n<\/div><\/div>\n\n\n\n<p style=\"padding-right:20px;padding-left:20px\">The world of jewelry has always been with me: pieces chosen, worn, and collected over time, purely for the pleasure and the meaning I give them.<br\/>I have always seen jewelry as a way to express parts of myself, without saying them. It holds that indescribable power over how I feel as a woman, and how I feel as myself. <br\/>Through HUITI\u00c8ME CIEL, I am reminded of how much jewelry has always brought me, and how this adventure extends that.<\/p>\n\n\n\n<p style=\"padding-right:20px;padding-left:20px\">And that is where everything makes sense.<\/p>\n\n\n\n<p style=\"padding-right:20px;padding-left:20px\">I deeply love my work as a psychologist, and I would not change it for anything in the world.<br\/>And yet, I decided to allow myself to think even bigger, to trust myself by expanding the field of possibilities.<br\/>I am also convinced that what I allow myself also shapes the way I support others.<\/p>\n\n\n\n<p style=\"padding-right:20px;padding-left:20px\">Why choose, when you can bring things together?<\/p>\n\n\n\n<p style=\"padding-right:20px;padding-bottom:20px;padding-left:20px\">Creating jewelry has become another way to express what drives me: a taste for detail, symbolism, and emotion.<br\/>And above all, to embody my deep conviction that it is truly possible to build the life one wants.<\/p>\n<\/div>\n\n<p class=\"has-text-align-center is-style-text-kicker-3 is-style-text-kicker-3--1\" style=\"border-top-left-radius:0px;border-top-right-radius:0px;border-bottom-left-radius:0px;border-bottom-right-radius:0px;padding-right:var(--wp--preset--spacing--150);padding-left:var(--wp--preset--spacing--150)\"><strong>Through HUITI\u00c8ME CIEL, I hope the emotion felt in creating each piece of jewelry continues and resonates with the person who wears it, as well as with those who admire it.<\/strong><\/p>\n\n<hr class=\"wp-block-separator has-css-opacity is-style-default\"\/>\n\n<div class=\"wp-block-group alignfull has-accent-background-color has-background is-vertical is-layout-flex wp-container-core-group-is-layout-fe9cc265 wp-block-group-is-layout-flex\">\n<div class=\"wp-block-cover alignfull is-light\" style=\"min-height:829px;aspect-ratio:unset;\"><img loading=\"lazy\" decoding=\"async\" width=\"1200\" height=\"1198\" class=\"wp-block-cover__image-background wp-image-1365 size-large\" alt=\"\" src=\"\/wp-content\/uploads\/2026\/01\/Alexandre-1-1200x1198.jpg\" style=\"object-position:54% 35%\" data-object-fit=\"cover\" data-object-position=\"54% 35%\" srcset=\"https:\/\/i0.wp.com\/www.huitieme-ciel.com\/wp-content\/uploads\/2026\/01\/Alexandre-1.jpg?resize=1200%2C1198&amp;ssl=1 1200w, https:\/\/i0.wp.com\/www.huitieme-ciel.com\/wp-content\/uploads\/2026\/01\/Alexandre-1.jpg?resize=360%2C360&amp;ssl=1 360w, https:\/\/i0.wp.com\/www.huitieme-ciel.com\/wp-content\/uploads\/2026\/01\/Alexandre-1.jpg?resize=300%2C300&amp;ssl=1 300w, https:\/\/i0.wp.com\/www.huitieme-ciel.com\/wp-content\/uploads\/2026\/01\/Alexandre-1.jpg?resize=768%2C767&amp;ssl=1 768w, https:\/\/i0.wp.com\/www.huitieme-ciel.com\/wp-content\/uploads\/2026\/01\/Alexandre-1.jpg?resize=1536%2C1534&amp;ssl=1 1536w, https:\/\/i0.wp.com\/www.huitieme-ciel.com\/wp-content\/uploads\/2026\/01\/Alexandre-1.jpg?resize=600%2C599&amp;ssl=1 600w, https:\/\/i0.wp.com\/www.huitieme-ciel.com\/wp-content\/uploads\/2026\/01\/Alexandre-1.jpg?resize=100%2C100&amp;ssl=1 100w, https:\/\/i0.wp.com\/www.huitieme-ciel.com\/wp-content\/uploads\/2026\/01\/Alexandre-1.jpg?w=1596&amp;ssl=1 1596w\" sizes=\"auto, (max-width: 1000px) 100vw, 1000px\" \/><span aria-hidden=\"true\" class=\"wp-block-cover__background has-background-dim-40 has-background-dim\" style=\"background-color:#c9c9c9\"><\/span><div class=\"wp-block-cover__inner-container is-layout-flow wp-block-cover-is-layout-flow\">\n<h2 class=\"wp-block-heading alignwide has-secondary-800-color has-text-color\" style=\"font-size:clamp(35.2px, 2.2rem + ((1vw - 3.2px) * 2.824), 64px);\">Alexandre,<\/h2>\n\n\n\n<h2 class=\"wp-block-heading has-secondary-800-color has-text-color has-link-color wp-elements-faa1a2bcd793662cf2c62ba6a3270977\" style=\"margin-top:0;margin-bottom:0\"><strong>Pillar<\/strong><\/h2>\n\n\n\n<div class=\"wp-block-columns alignwide is-layout-flex wp-container-core-columns-is-layout-28f84493 wp-block-columns-is-layout-flex\">\n<div class=\"wp-block-column is-layout-flow wp-block-column-is-layout-flow\" style=\"flex-basis:55%\">\n<div style=\"height:520px\" aria-hidden=\"true\" class=\"wp-block-spacer\"><\/div>\n\n\n\n<p class=\"has-secondary-800-color has-text-color has-link-color wp-elements-d6e16b625cec355aa94bc15d9622ea76\" style=\"font-size:clamp(14px, 0.875rem + ((1vw - 3.2px) * 0.588), 20px);line-height:1.3\"><strong>Alexandre is the quiet strength of the duo. Always present, always willing, he supports me in each of my ideas with curiosity and enthusiasm. <\/strong><\/p>\n<\/div>\n\n\n\n<div class=\"wp-block-column is-layout-flow wp-block-column-is-layout-flow\"><\/div>\n<\/div>\n<\/div><\/div>\n\n\n\n<p style=\"padding-right:20px;padding-left:20px\">Discreet yet essential, he looks after everything that allows HUITI\u00c8ME CIEL to exist day to day.<br\/>Logistics, the website, communication with suppliers, tracking raw materials and orders\u2026 everything that cannot be seen, but without which nothing would be possible.<\/p>\n\n\n\n<p style=\"padding-right:20px;padding-left:20px\">He likes things to be clear, smooth, and well done.<br\/>Thanks to him, your experience remains light and simple, from the first click to the moment you receive your jewelry.<\/p>\n\n\n\n<p style=\"padding-right:20px;padding-left:20px\">Through HUITI\u00c8ME CIEL, we chose to bring to life together this desire to create and to shape a life in our own image.<br\/>I feel deeply grateful to live this adventure by his side and to be able to count on his presence.<\/p>\n\n\n\n<p style=\"padding-right:20px;padding-bottom:20px;padding-left:20px\">A precious balance between dream and rigor.<br\/>Between inspiration and structure.<\/p>\n<\/div>\n\n<h4 class=\"wp-block-heading is-style-default\">When together, everything becomes possible.<\/h4>\n\n<p>I create, he supports.<br\/>Each puts their strength at the service of the other.<\/p>\n\n<p>Together, we grow HUITI\u00c8ME CIEL as we grow our relationship: with <strong>love, patience, and high standards.<\/strong><\/p>\n\n<p style=\"padding-bottom:30px\">This complementarity and the joy of imagining, creating, and watching our shared project grow ensure that <strong>each piece of jewelry carries within it the most beautiful energy: that of shared pleasure.<\/strong><\/p>\n\n<div class=\"wp-block-group alignfull has-global-padding is-content-justification-center is-layout-constrained wp-container-core-group-is-layout-9b4b7fca wp-block-group-is-layout-constrained\" style=\"margin-top:0;margin-bottom:0;padding-top:calc( 0.5 * var(\\u002d\\u002dwp\\u002d\\u002dstyle\\u002d\\u002droot\\u002d\\u002dpadding-right, var(\\u002d\\u002dwp\\u002d\\u002dcustom\\u002d\\u002dgap\\u002d\\u002dhorizontal)));padding-right:var(\\u002d\\u002dwp\\u002d\\u002dstyle\\u002d\\u002droot\\u002d\\u002dpadding-right, var(\\u002d\\u002dwp\\u002d\\u002dcustom\\u002d\\u002dgap\\u002d\\u002dhorizontal));padding-bottom:calc( 0.5 * var(\\u002d\\u002dwp\\u002d\\u002dstyle\\u002d\\u002droot\\u002d\\u002dpadding-right, var(\\u002d\\u002dwp\\u002d\\u002dcustom\\u002d\\u002dgap\\u002d\\u002dhorizontal)));padding-left:var(\\u002d\\u002dwp\\u002d\\u002dstyle\\u002d\\u002droot\\u002d\\u002dpadding-left, var(\\u002d\\u002dwp\\u002d\\u002dcustom\\u002d\\u002dgap\\u002d\\u002dhorizontal))\">\n<div class=\"wp-block-cover alignfull\" style=\"margin-top:0;margin-bottom:0;padding-top:3%;padding-right:0%;padding-bottom:10%;padding-left:5%;min-height:600px;aspect-ratio:unset;\"><img loading=\"lazy\" decoding=\"async\" width=\"1200\" height=\"900\" class=\"wp-block-cover__image-background wp-image-1382 size-large\" alt=\"\" src=\"\/wp-content\/uploads\/2026\/01\/FondNH-2-1200x900.jpeg\" style=\"object-position:50% 100%\" data-object-fit=\"cover\" data-object-position=\"50% 100%\" srcset=\"https:\/\/i0.wp.com\/www.huitieme-ciel.com\/wp-content\/uploads\/2026\/01\/FondNH-2-scaled.jpeg?resize=1200%2C900&amp;ssl=1 1200w, https:\/\/i0.wp.com\/www.huitieme-ciel.com\/wp-content\/uploads\/2026\/01\/FondNH-2-scaled.jpeg?resize=360%2C270&amp;ssl=1 360w, https:\/\/i0.wp.com\/www.huitieme-ciel.com\/wp-content\/uploads\/2026\/01\/FondNH-2-scaled.jpeg?resize=768%2C576&amp;ssl=1 768w, https:\/\/i0.wp.com\/www.huitieme-ciel.com\/wp-content\/uploads\/2026\/01\/FondNH-2-scaled.jpeg?resize=1536%2C1152&amp;ssl=1 1536w, https:\/\/i0.wp.com\/www.huitieme-ciel.com\/wp-content\/uploads\/2026\/01\/FondNH-2-scaled.jpeg?resize=2048%2C1536&amp;ssl=1 2048w, https:\/\/i0.wp.com\/www.huitieme-ciel.com\/wp-content\/uploads\/2026\/01\/FondNH-2-scaled.jpeg?resize=600%2C450&amp;ssl=1 600w\" sizes=\"auto, (max-width: 1000px) 100vw, 1000px\" \/><span aria-hidden=\"true\" class=\"wp-block-cover__background has-background-dim\" style=\"background-color:#785d76\"><\/span><div class=\"wp-block-cover__inner-container is-layout-flow wp-container-core-cover-is-layout-afcb1702 wp-block-cover-is-layout-flow\">\n<h3 class=\"wp-block-heading\" style=\"margin-top:0px;margin-bottom:0px\"><strong>HUITI\u00c8ME CIEL is, above all, a state of mind.<\/strong><\/h3>\n\n\n\n<p style=\"margin-top:42px;margin-bottom:42px\">The one you adopt when you choose to dream big and shape your life\u2014in your own image\u2014like a style.<\/p>\n\n\n\n<p>Inspired by the sky and the horizon, HUITI\u00c8ME CIEL reminds us that nothing is ever completely fixed, and that anything can still become possible.<\/p>\n\n\n\n<div class=\"wp-block-buttons is-layout-flex wp-block-buttons-is-layout-flex\" style=\"margin-top:var(--wp--preset--spacing--30);margin-bottom:var(--wp--preset--spacing--30)\">\n<div class=\"wp-block-button\"><a class=\"wp-block-button__link wp-element-button\" href=\"https:\/\/www.huitieme-ciel.com\/en\/shop\/\">Visit Our Shop<\/a><\/div>\n<\/div>\n<\/div><\/div>\n<\/div>\n","protected":false},"excerpt":{"rendered":"<p>HUITI\u00c8ME CIEL was born from an inner impulse: not to limit myself, and to give myself more permission. Creating jewelry opened a new chapter for me.Not because I changed my life, but because I chose to write one more page. I did not leave anything behind.I added.Experimented. Dared. HUITI\u00c8ME CIEL became an additional space for [&hellip;]<\/p>\n","protected":false},"author":2,"featured_media":0,"parent":0,"menu_order":0,"comment_status":"closed","ping_status":"closed","template":"","meta":{"footnotes":""},"class_list":["post-2224","page","type-page","status-publish","hentry"],"yoast_head":"<!-- This site is optimized with the Yoast SEO plugin v27.4 - https:\/\/yoast.com\/product\/yoast-seo-wordpress\/ -->\n<title>Our Story - HUITI\u00c8ME CIEL<\/title>\n<meta name=\"robots\" content=\"index, follow, max-snippet:-1, max-image-preview:large, max-video-preview:-1\" \/>\n<link rel=\"canonical\" href=\"https:\/\/www.huitieme-ciel.com\/en\/our-story\/\" \/>\n<meta property=\"og:locale\" content=\"en_US\" \/>\n<meta property=\"og:type\" content=\"article\" \/>\n<meta property=\"og:title\" content=\"Our Story - HUITI\u00c8ME CIEL\" \/>\n<meta property=\"og:description\" content=\"HUITI\u00c8ME CIEL was born from an inner impulse: not to limit myself, and to give myself more permission. Creating jewelry opened a new chapter for me.Not because I changed my life, but because I chose to write one more page. I did not leave anything behind.I added.Experimented. Dared. HUITI\u00c8ME CIEL became an additional space for [&hellip;]\" \/>\n<meta property=\"og:url\" content=\"https:\/\/www.huitieme-ciel.com\/en\/our-story\/\" \/>\n<meta property=\"og:site_name\" content=\"HUITI\u00c8ME CIEL\" \/>\n<meta property=\"article:publisher\" content=\"https:\/\/www.facebook.com\/huitiemeciel.bijoux\" \/>\n<meta property=\"article:modified_time\" content=\"2026-02-13T22:15:57+00:00\" \/>\n<meta name=\"twitter:card\" content=\"summary_large_image\" \/>\n<meta name=\"twitter:label1\" content=\"Est. reading time\" \/>\n\t<meta name=\"twitter:data1\" content=\"3 minutes\" \/>\n<script type=\"application\/ld+json\" class=\"yoast-schema-graph\">{\"@context\":\"https:\\\/\\\/schema.org\",\"@graph\":[{\"@type\":\"WebPage\",\"@id\":\"https:\\\/\\\/www.huitieme-ciel.com\\\/en\\\/our-story\\\/\",\"url\":\"https:\\\/\\\/www.huitieme-ciel.com\\\/en\\\/our-story\\\/\",\"name\":\"Our Story - HUITI\u00c8ME CIEL\",\"isPartOf\":{\"@id\":\"https:\\\/\\\/www.huitieme-ciel.com\\\/en\\\/#website\"},\"datePublished\":\"2025-12-08T14:58:13+00:00\",\"dateModified\":\"2026-02-13T22:15:57+00:00\",\"breadcrumb\":{\"@id\":\"https:\\\/\\\/www.huitieme-ciel.com\\\/en\\\/our-story\\\/#breadcrumb\"},\"inLanguage\":\"en-US\",\"potentialAction\":[{\"@type\":\"ReadAction\",\"target\":[\"https:\\\/\\\/www.huitieme-ciel.com\\\/en\\\/our-story\\\/\"]}]},{\"@type\":\"BreadcrumbList\",\"@id\":\"https:\\\/\\\/www.huitieme-ciel.com\\\/en\\\/our-story\\\/#breadcrumb\",\"itemListElement\":[{\"@type\":\"ListItem\",\"position\":1,\"name\":\"Accueil\",\"item\":\"https:\\\/\\\/www.huitieme-ciel.com\\\/en\\\/\"},{\"@type\":\"ListItem\",\"position\":2,\"name\":\"Our Story\"}]},{\"@type\":\"WebSite\",\"@id\":\"https:\\\/\\\/www.huitieme-ciel.com\\\/en\\\/#website\",\"url\":\"https:\\\/\\\/www.huitieme-ciel.com\\\/en\\\/\",\"name\":\"HUITI\u00c8ME CIEL\",\"description\":\"Bijoux en pierres naturelles. Rangs de pierres fines lumineux. Cr\u00e9\u00e9s et assembl\u00e9s en France\",\"publisher\":{\"@id\":\"https:\\\/\\\/www.huitieme-ciel.com\\\/en\\\/#organization\"},\"potentialAction\":[{\"@type\":\"SearchAction\",\"target\":{\"@type\":\"EntryPoint\",\"urlTemplate\":\"https:\\\/\\\/www.huitieme-ciel.com\\\/en\\\/?s={search_term_string}\"},\"query-input\":{\"@type\":\"PropertyValueSpecification\",\"valueRequired\":true,\"valueName\":\"search_term_string\"}}],\"inLanguage\":\"en-US\"},{\"@type\":\"Organization\",\"@id\":\"https:\\\/\\\/www.huitieme-ciel.com\\\/en\\\/#organization\",\"name\":\"HUITI\u00c8ME CIEL\",\"url\":\"https:\\\/\\\/www.huitieme-ciel.com\\\/en\\\/\",\"logo\":{\"@type\":\"ImageObject\",\"inLanguage\":\"en-US\",\"@id\":\"https:\\\/\\\/www.huitieme-ciel.com\\\/en\\\/#\\\/schema\\\/logo\\\/image\\\/\",\"url\":\"https:\\\/\\\/i0.wp.com\\\/www.huitieme-ciel.com\\\/wp-content\\\/uploads\\\/2026\\\/02\\\/HC-200-x-200-px.png?fit=200%2C200&ssl=1\",\"contentUrl\":\"https:\\\/\\\/i0.wp.com\\\/www.huitieme-ciel.com\\\/wp-content\\\/uploads\\\/2026\\\/02\\\/HC-200-x-200-px.png?fit=200%2C200&ssl=1\",\"width\":200,\"height\":200,\"caption\":\"HUITI\u00c8ME CIEL\"},\"image\":{\"@id\":\"https:\\\/\\\/www.huitieme-ciel.com\\\/en\\\/#\\\/schema\\\/logo\\\/image\\\/\"},\"sameAs\":[\"https:\\\/\\\/www.facebook.com\\\/huitiemeciel.bijoux\",\"https:\\\/\\\/www.instagram.com\\\/huitieme.ciel\"]}]}<\/script>\n<!-- \/ Yoast SEO plugin. -->","yoast_head_json":{"title":"Our Story - HUITI\u00c8ME CIEL","robots":{"index":"index","follow":"follow","max-snippet":"max-snippet:-1","max-image-preview":"max-image-preview:large","max-video-preview":"max-video-preview:-1"},"canonical":"https:\/\/www.huitieme-ciel.com\/en\/our-story\/","og_locale":"en_US","og_type":"article","og_title":"Our Story - HUITI\u00c8ME CIEL","og_description":"HUITI\u00c8ME CIEL was born from an inner impulse: not to limit myself, and to give myself more permission. Creating jewelry opened a new chapter for me.Not because I changed my life, but because I chose to write one more page. I did not leave anything behind.I added.Experimented. Dared. HUITI\u00c8ME CIEL became an additional space for [&hellip;]","og_url":"https:\/\/www.huitieme-ciel.com\/en\/our-story\/","og_site_name":"HUITI\u00c8ME CIEL","article_publisher":"https:\/\/www.facebook.com\/huitiemeciel.bijoux","article_modified_time":"2026-02-13T22:15:57+00:00","twitter_card":"summary_large_image","twitter_misc":{"Est. reading time":"3 minutes"},"schema":{"@context":"https:\/\/schema.org","@graph":[{"@type":"WebPage","@id":"https:\/\/www.huitieme-ciel.com\/en\/our-story\/","url":"https:\/\/www.huitieme-ciel.com\/en\/our-story\/","name":"Our Story - HUITI\u00c8ME CIEL","isPartOf":{"@id":"https:\/\/www.huitieme-ciel.com\/en\/#website"},"datePublished":"2025-12-08T14:58:13+00:00","dateModified":"2026-02-13T22:15:57+00:00","breadcrumb":{"@id":"https:\/\/www.huitieme-ciel.com\/en\/our-story\/#breadcrumb"},"inLanguage":"en-US","potentialAction":[{"@type":"ReadAction","target":["https:\/\/www.huitieme-ciel.com\/en\/our-story\/"]}]},{"@type":"BreadcrumbList","@id":"https:\/\/www.huitieme-ciel.com\/en\/our-story\/#breadcrumb","itemListElement":[{"@type":"ListItem","position":1,"name":"Accueil","item":"https:\/\/www.huitieme-ciel.com\/en\/"},{"@type":"ListItem","position":2,"name":"Our Story"}]},{"@type":"WebSite","@id":"https:\/\/www.huitieme-ciel.com\/en\/#website","url":"https:\/\/www.huitieme-ciel.com\/en\/","name":"HUITI\u00c8ME CIEL","description":"Bijoux en pierres naturelles. Rangs de pierres fines lumineux. Cr\u00e9\u00e9s et assembl\u00e9s en France","publisher":{"@id":"https:\/\/www.huitieme-ciel.com\/en\/#organization"},"potentialAction":[{"@type":"SearchAction","target":{"@type":"EntryPoint","urlTemplate":"https:\/\/www.huitieme-ciel.com\/en\/?s={search_term_string}"},"query-input":{"@type":"PropertyValueSpecification","valueRequired":true,"valueName":"search_term_string"}}],"inLanguage":"en-US"},{"@type":"Organization","@id":"https:\/\/www.huitieme-ciel.com\/en\/#organization","name":"HUITI\u00c8ME CIEL","url":"https:\/\/www.huitieme-ciel.com\/en\/","logo":{"@type":"ImageObject","inLanguage":"en-US","@id":"https:\/\/www.huitieme-ciel.com\/en\/#\/schema\/logo\/image\/","url":"https:\/\/i0.wp.com\/www.huitieme-ciel.com\/wp-content\/uploads\/2026\/02\/HC-200-x-200-px.png?fit=200%2C200&ssl=1","contentUrl":"https:\/\/i0.wp.com\/www.huitieme-ciel.com\/wp-content\/uploads\/2026\/02\/HC-200-x-200-px.png?fit=200%2C200&ssl=1","width":200,"height":200,"caption":"HUITI\u00c8ME CIEL"},"image":{"@id":"https:\/\/www.huitieme-ciel.com\/en\/#\/schema\/logo\/image\/"},"sameAs":["https:\/\/www.facebook.com\/huitiemeciel.bijoux","https:\/\/www.instagram.com\/huitieme.ciel"]}]}},"jetpack_sharing_enabled":true,"_links":{"self":[{"href":"https:\/\/www.huitieme-ciel.com\/en\/wp-json\/wp\/v2\/pages\/2224","targetHints":{"allow":["GET"]}}],"collection":[{"href":"https:\/\/www.huitieme-ciel.com\/en\/wp-json\/wp\/v2\/pages"}],"about":[{"href":"https:\/\/www.huitieme-ciel.com\/en\/wp-json\/wp\/v2\/types\/page"}],"author":[{"embeddable":true,"href":"https:\/\/www.huitieme-ciel.com\/en\/wp-json\/wp\/v2\/users\/2"}],"replies":[{"embeddable":true,"href":"https:\/\/www.huitieme-ciel.com\/en\/wp-json\/wp\/v2\/comments?post=2224"}],"version-history":[{"count":3,"href":"https:\/\/www.huitieme-ciel.com\/en\/wp-json\/wp\/v2\/pages\/2224\/revisions"}],"predecessor-version":[{"id":2860,"href":"https:\/\/www.huitieme-ciel.com\/en\/wp-json\/wp\/v2\/pages\/2224\/revisions\/2860"}],"wp:attachment":[{"href":"https:\/\/www.huitieme-ciel.com\/en\/wp-json\/wp\/v2\/media?parent=2224"}],"curies":[{"name":"wp","href":"https:\/\/api.w.org\/{rel}","templated":true}]}}