{"id":2220,"date":"2025-12-12T17:11:41","date_gmt":"2025-12-12T16:11:41","guid":{"rendered":"https:\/\/www.huitieme-ciel.com\/our-vision\/"},"modified":"2026-02-13T23:10:58","modified_gmt":"2026-02-13T22:10:58","slug":"our-vision","status":"publish","type":"page","link":"https:\/\/www.huitieme-ciel.com\/en\/our-vision\/","title":{"rendered":"Our Vision"},"content":{"rendered":"\n<h4 class=\"wp-block-heading\"><strong>The Power of Symbolism<\/strong><\/h4>\n\n<p>With <strong>HUITI\u00c8ME CIEL<\/strong>, my ambition goes beyond adornment.<br\/>I believe in <strong>the symbolic power of jewelry<\/strong>, in its ability to become a true <strong>conduit for emotions<\/strong> for the person who wears it.<\/p>\n\n<p><strong>What if a piece of jewelry were never neutral?<\/strong><br\/>I like to think it accompanies something within us: a transition, a memory, a tradition, an impulse, an inner state, an intention&#8230;<br\/>Things we do not always put into words, but that we feel.<\/p>\n\n<p>That is undoubtedly why I maintain an almost organic relationship with my jewelry.<strong><br\/><\/strong>They are genuine encounters: pieces chosen to set the tone for a day or an evening, brought back from travels, or gifted on a special occasion.<\/p>\n\n<p><strong>And you?<br\/>How do you choose your jewelry?<br\/>What do they say about you?<\/strong><\/p>\n\n<p>I wish for you to see <strong>HUITI\u00c8ME CIEL jewelry as reminders<\/strong>.<br\/>Of what you have already been through.<br\/>Of who you are today.<br\/>And of everything you can still dare.<\/p>\n\n<p>Invitations to be fully yourself, with all your facets.<\/p>\n\n<p>I would like you to be moved by their light.<br\/>May your heart race.<br\/>May your eyes light up.<br\/>May you feel, beyond the material, what these pieces of jewelry can awaken within you.<\/p>\n\n<div class=\"wp-block-group alignfull has-global-padding is-content-justification-center is-layout-constrained wp-container-core-group-is-layout-df757ecc wp-block-group-is-layout-constrained\" style=\"margin-top:0;margin-bottom:0;padding-top:calc( 0.5 * var(--wp--style--root--padding-right, var(--wp--custom--gap--horizontal)));padding-right:var(--wp--style--root--padding-right, var(--wp--custom--gap--horizontal));padding-bottom:calc( 0.5 * var(--wp--style--root--padding-right, var(--wp--custom--gap--horizontal)));padding-left:var(--wp--style--root--padding-left, var(--wp--custom--gap--horizontal))\">\n<div style=\"height:calc( 0.25 * var(--wp--style--root--padding-right, var(--wp--custom--gap--horizontal)))\" aria-hidden=\"true\" class=\"wp-block-spacer\"><\/div>\n\n\n\n<div class=\"wp-block-cover alignfull is-light has-light-color has-text-color has-link-color wp-elements-b74c9e00047a1669a1de48e9ab001899\" style=\"margin-top:0;margin-bottom:0;padding-top:0%;padding-right:0%;padding-bottom:0%;padding-left:5%;min-height:764px;aspect-ratio:unset;\"><img data-recalc-dims=\"1\" loading=\"lazy\" decoding=\"async\" width=\"900\" height=\"1200\" class=\"wp-block-cover__image-background wp-image-1802 size-large\" alt=\"\" src=\"https:\/\/i0.wp.com\/www.huitieme-ciel.com\/wp-content\/uploads\/2026\/02\/RS2-1.jpeg?resize=900%2C1200&#038;ssl=1\" style=\"object-position:74% 15%\" data-object-fit=\"cover\" data-object-position=\"74% 15%\" srcset=\"https:\/\/i0.wp.com\/www.huitieme-ciel.com\/wp-content\/uploads\/2026\/02\/RS2-1-scaled.jpeg?resize=900%2C1200&amp;ssl=1 900w, https:\/\/i0.wp.com\/www.huitieme-ciel.com\/wp-content\/uploads\/2026\/02\/RS2-1-scaled.jpeg?resize=360%2C480&amp;ssl=1 360w, https:\/\/i0.wp.com\/www.huitieme-ciel.com\/wp-content\/uploads\/2026\/02\/RS2-1-scaled.jpeg?resize=768%2C1024&amp;ssl=1 768w, https:\/\/i0.wp.com\/www.huitieme-ciel.com\/wp-content\/uploads\/2026\/02\/RS2-1-scaled.jpeg?resize=1152%2C1536&amp;ssl=1 1152w, https:\/\/i0.wp.com\/www.huitieme-ciel.com\/wp-content\/uploads\/2026\/02\/RS2-1-scaled.jpeg?resize=1536%2C2048&amp;ssl=1 1536w, https:\/\/i0.wp.com\/www.huitieme-ciel.com\/wp-content\/uploads\/2026\/02\/RS2-1-scaled.jpeg?resize=600%2C800&amp;ssl=1 600w, https:\/\/i0.wp.com\/www.huitieme-ciel.com\/wp-content\/uploads\/2026\/02\/RS2-1-scaled.jpeg?w=1920&amp;ssl=1 1920w\" sizes=\"auto, (max-width: 900px) 100vw, 900px\" \/><span aria-hidden=\"true\" class=\"wp-block-cover__background has-background-dim-70 has-background-dim\" style=\"background-color:#94826f\"><\/span><div class=\"wp-block-cover__inner-container is-layout-flow wp-container-core-cover-is-layout-5f479570 wp-block-cover-is-layout-flow\">\n<h3 class=\"wp-block-heading has-black-color has-text-color has-link-color wp-elements-a75a96fdd3529452ef16256661cef23b\"><strong>That Something Extra<\/strong><\/h3>\n\n\n\n<p class=\"has-black-color has-text-color has-link-color wp-elements-9646bd3087dafcf57bc29ac6d0788beb\" style=\"padding-top:35px\"><strong>A HUITI\u00c8ME CIEL piece of jewelry is not just an object.<\/strong><br\/>It is a reminder.<\/p>\n\n\n\n<p class=\"has-black-color has-text-color has-link-color wp-elements-94860cf9770131fccd3412c21cdd2bad\">A reminder that you can take your place.<br\/>Shine, without having to justify yourself.<\/p>\n\n\n\n<p class=\"has-black-color has-text-color has-link-color wp-elements-c962817a62d7530ac3d95c97307cc754\"><strong>Sometimes, all it takes is a piece of jewelry.<\/strong><\/p>\n\n\n\n<p class=\"has-black-color has-text-color has-link-color wp-elements-952afae0af46489d870e6e4da0002839\">That detail that you cannot always explain,<br\/>but that changes the way you carry yourself,<br\/>the way you move forward.<\/p>\n\n\n\n<p class=\"has-black-color has-text-color has-link-color wp-elements-43c45bc0f62f4238b31063c1d914803d\" style=\"padding-top:55px;padding-bottom:55px\">HUITI\u00c8ME CIEL is <strong>that little something extra<br\/>that is felt on the inside&#8230; and glimpsed on the outside.<\/strong><\/p>\n\n\n\n<div class=\"wp-block-buttons is-layout-flex wp-block-buttons-is-layout-flex\" style=\"margin-top:var(--wp--preset--spacing--30);margin-bottom:var(--wp--preset--spacing--30)\">\n<div class=\"wp-block-button\"><a class=\"wp-block-button__link wp-element-button\" href=\"https:\/\/www.huitieme-ciel.com\/en\/shop\/\">Discover your favorite<\/a><\/div>\n<\/div>\n<\/div><\/div>\n<\/div>\n","protected":false},"excerpt":{"rendered":"<p>The Power of Symbolism With HUITI\u00c8ME CIEL, my ambition goes beyond adornment.I believe in the symbolic power of jewelry, in its ability to become a true conduit for emotions for the person who wears it. What if a piece of jewelry were never neutral?I like to think it accompanies something within us: a transition, a [&hellip;]<\/p>\n","protected":false},"author":3,"featured_media":0,"parent":0,"menu_order":0,"comment_status":"closed","ping_status":"closed","template":"","meta":{"footnotes":""},"class_list":["post-2220","page","type-page","status-publish","hentry"],"yoast_head":"<!-- This site is optimized with the Yoast SEO plugin v27.4 - https:\/\/yoast.com\/product\/yoast-seo-wordpress\/ -->\n<title>Our Vision - HUITI\u00c8ME CIEL<\/title>\n<meta name=\"robots\" content=\"index, follow, max-snippet:-1, max-image-preview:large, max-video-preview:-1\" \/>\n<link rel=\"canonical\" href=\"https:\/\/www.huitieme-ciel.com\/en\/our-vision\/\" \/>\n<meta property=\"og:locale\" content=\"en_US\" \/>\n<meta property=\"og:type\" content=\"article\" \/>\n<meta property=\"og:title\" content=\"Our Vision - HUITI\u00c8ME CIEL\" \/>\n<meta property=\"og:description\" content=\"The Power of Symbolism With HUITI\u00c8ME CIEL, my ambition goes beyond adornment.I believe in the symbolic power of jewelry, in its ability to become a true conduit for emotions for the person who wears it. What if a piece of jewelry were never neutral?I like to think it accompanies something within us: a transition, a [&hellip;]\" \/>\n<meta property=\"og:url\" content=\"https:\/\/www.huitieme-ciel.com\/en\/our-vision\/\" \/>\n<meta property=\"og:site_name\" content=\"HUITI\u00c8ME CIEL\" \/>\n<meta property=\"article:publisher\" content=\"https:\/\/www.facebook.com\/huitiemeciel.bijoux\" \/>\n<meta property=\"article:modified_time\" content=\"2026-02-13T22:10:58+00:00\" \/>\n<meta property=\"og:image\" content=\"https:\/\/www.huitieme-ciel.com\/wp-content\/uploads\/2026\/02\/RS2-1-900x1200.jpeg\" \/>\n<meta name=\"twitter:card\" content=\"summary_large_image\" \/>\n<meta name=\"twitter:label1\" content=\"Est. reading time\" \/>\n\t<meta name=\"twitter:data1\" content=\"1 minute\" \/>\n<script type=\"application\/ld+json\" class=\"yoast-schema-graph\">{\"@context\":\"https:\\\/\\\/schema.org\",\"@graph\":[{\"@type\":\"WebPage\",\"@id\":\"https:\\\/\\\/www.huitieme-ciel.com\\\/en\\\/our-vision\\\/\",\"url\":\"https:\\\/\\\/www.huitieme-ciel.com\\\/en\\\/our-vision\\\/\",\"name\":\"Our Vision - HUITI\u00c8ME CIEL\",\"isPartOf\":{\"@id\":\"https:\\\/\\\/www.huitieme-ciel.com\\\/en\\\/#website\"},\"primaryImageOfPage\":{\"@id\":\"https:\\\/\\\/www.huitieme-ciel.com\\\/en\\\/our-vision\\\/#primaryimage\"},\"image\":{\"@id\":\"https:\\\/\\\/www.huitieme-ciel.com\\\/en\\\/our-vision\\\/#primaryimage\"},\"thumbnailUrl\":\"https:\\\/\\\/www.huitieme-ciel.com\\\/wp-content\\\/uploads\\\/2026\\\/02\\\/RS2-1-900x1200.jpeg\",\"datePublished\":\"2025-12-12T16:11:41+00:00\",\"dateModified\":\"2026-02-13T22:10:58+00:00\",\"breadcrumb\":{\"@id\":\"https:\\\/\\\/www.huitieme-ciel.com\\\/en\\\/our-vision\\\/#breadcrumb\"},\"inLanguage\":\"en-US\",\"potentialAction\":[{\"@type\":\"ReadAction\",\"target\":[\"https:\\\/\\\/www.huitieme-ciel.com\\\/en\\\/our-vision\\\/\"]}]},{\"@type\":\"ImageObject\",\"inLanguage\":\"en-US\",\"@id\":\"https:\\\/\\\/www.huitieme-ciel.com\\\/en\\\/our-vision\\\/#primaryimage\",\"url\":\"https:\\\/\\\/www.huitieme-ciel.com\\\/wp-content\\\/uploads\\\/2026\\\/02\\\/RS2-1-900x1200.jpeg\",\"contentUrl\":\"https:\\\/\\\/www.huitieme-ciel.com\\\/wp-content\\\/uploads\\\/2026\\\/02\\\/RS2-1-900x1200.jpeg\"},{\"@type\":\"BreadcrumbList\",\"@id\":\"https:\\\/\\\/www.huitieme-ciel.com\\\/en\\\/our-vision\\\/#breadcrumb\",\"itemListElement\":[{\"@type\":\"ListItem\",\"position\":1,\"name\":\"Accueil\",\"item\":\"https:\\\/\\\/www.huitieme-ciel.com\\\/en\\\/\"},{\"@type\":\"ListItem\",\"position\":2,\"name\":\"Our Vision\"}]},{\"@type\":\"WebSite\",\"@id\":\"https:\\\/\\\/www.huitieme-ciel.com\\\/en\\\/#website\",\"url\":\"https:\\\/\\\/www.huitieme-ciel.com\\\/en\\\/\",\"name\":\"HUITI\u00c8ME CIEL\",\"description\":\"Bijoux en pierres naturelles. Rangs de pierres fines lumineux. Cr\u00e9\u00e9s et assembl\u00e9s en France\",\"publisher\":{\"@id\":\"https:\\\/\\\/www.huitieme-ciel.com\\\/en\\\/#organization\"},\"potentialAction\":[{\"@type\":\"SearchAction\",\"target\":{\"@type\":\"EntryPoint\",\"urlTemplate\":\"https:\\\/\\\/www.huitieme-ciel.com\\\/en\\\/?s={search_term_string}\"},\"query-input\":{\"@type\":\"PropertyValueSpecification\",\"valueRequired\":true,\"valueName\":\"search_term_string\"}}],\"inLanguage\":\"en-US\"},{\"@type\":\"Organization\",\"@id\":\"https:\\\/\\\/www.huitieme-ciel.com\\\/en\\\/#organization\",\"name\":\"HUITI\u00c8ME CIEL\",\"url\":\"https:\\\/\\\/www.huitieme-ciel.com\\\/en\\\/\",\"logo\":{\"@type\":\"ImageObject\",\"inLanguage\":\"en-US\",\"@id\":\"https:\\\/\\\/www.huitieme-ciel.com\\\/en\\\/#\\\/schema\\\/logo\\\/image\\\/\",\"url\":\"https:\\\/\\\/i0.wp.com\\\/www.huitieme-ciel.com\\\/wp-content\\\/uploads\\\/2026\\\/02\\\/HC-200-x-200-px.png?fit=200%2C200&ssl=1\",\"contentUrl\":\"https:\\\/\\\/i0.wp.com\\\/www.huitieme-ciel.com\\\/wp-content\\\/uploads\\\/2026\\\/02\\\/HC-200-x-200-px.png?fit=200%2C200&ssl=1\",\"width\":200,\"height\":200,\"caption\":\"HUITI\u00c8ME CIEL\"},\"image\":{\"@id\":\"https:\\\/\\\/www.huitieme-ciel.com\\\/en\\\/#\\\/schema\\\/logo\\\/image\\\/\"},\"sameAs\":[\"https:\\\/\\\/www.facebook.com\\\/huitiemeciel.bijoux\",\"https:\\\/\\\/www.instagram.com\\\/huitieme.ciel\"]}]}<\/script>\n<!-- \/ Yoast SEO plugin. -->","yoast_head_json":{"title":"Our Vision - HUITI\u00c8ME CIEL","robots":{"index":"index","follow":"follow","max-snippet":"max-snippet:-1","max-image-preview":"max-image-preview:large","max-video-preview":"max-video-preview:-1"},"canonical":"https:\/\/www.huitieme-ciel.com\/en\/our-vision\/","og_locale":"en_US","og_type":"article","og_title":"Our Vision - HUITI\u00c8ME CIEL","og_description":"The Power of Symbolism With HUITI\u00c8ME CIEL, my ambition goes beyond adornment.I believe in the symbolic power of jewelry, in its ability to become a true conduit for emotions for the person who wears it. What if a piece of jewelry were never neutral?I like to think it accompanies something within us: a transition, a [&hellip;]","og_url":"https:\/\/www.huitieme-ciel.com\/en\/our-vision\/","og_site_name":"HUITI\u00c8ME CIEL","article_publisher":"https:\/\/www.facebook.com\/huitiemeciel.bijoux","article_modified_time":"2026-02-13T22:10:58+00:00","og_image":[{"url":"https:\/\/www.huitieme-ciel.com\/wp-content\/uploads\/2026\/02\/RS2-1-900x1200.jpeg","type":"","width":"","height":""}],"twitter_card":"summary_large_image","twitter_misc":{"Est. reading time":"1 minute"},"schema":{"@context":"https:\/\/schema.org","@graph":[{"@type":"WebPage","@id":"https:\/\/www.huitieme-ciel.com\/en\/our-vision\/","url":"https:\/\/www.huitieme-ciel.com\/en\/our-vision\/","name":"Our Vision - HUITI\u00c8ME CIEL","isPartOf":{"@id":"https:\/\/www.huitieme-ciel.com\/en\/#website"},"primaryImageOfPage":{"@id":"https:\/\/www.huitieme-ciel.com\/en\/our-vision\/#primaryimage"},"image":{"@id":"https:\/\/www.huitieme-ciel.com\/en\/our-vision\/#primaryimage"},"thumbnailUrl":"https:\/\/www.huitieme-ciel.com\/wp-content\/uploads\/2026\/02\/RS2-1-900x1200.jpeg","datePublished":"2025-12-12T16:11:41+00:00","dateModified":"2026-02-13T22:10:58+00:00","breadcrumb":{"@id":"https:\/\/www.huitieme-ciel.com\/en\/our-vision\/#breadcrumb"},"inLanguage":"en-US","potentialAction":[{"@type":"ReadAction","target":["https:\/\/www.huitieme-ciel.com\/en\/our-vision\/"]}]},{"@type":"ImageObject","inLanguage":"en-US","@id":"https:\/\/www.huitieme-ciel.com\/en\/our-vision\/#primaryimage","url":"https:\/\/www.huitieme-ciel.com\/wp-content\/uploads\/2026\/02\/RS2-1-900x1200.jpeg","contentUrl":"https:\/\/www.huitieme-ciel.com\/wp-content\/uploads\/2026\/02\/RS2-1-900x1200.jpeg"},{"@type":"BreadcrumbList","@id":"https:\/\/www.huitieme-ciel.com\/en\/our-vision\/#breadcrumb","itemListElement":[{"@type":"ListItem","position":1,"name":"Accueil","item":"https:\/\/www.huitieme-ciel.com\/en\/"},{"@type":"ListItem","position":2,"name":"Our Vision"}]},{"@type":"WebSite","@id":"https:\/\/www.huitieme-ciel.com\/en\/#website","url":"https:\/\/www.huitieme-ciel.com\/en\/","name":"HUITI\u00c8ME CIEL","description":"Bijoux en pierres naturelles. Rangs de pierres fines lumineux. Cr\u00e9\u00e9s et assembl\u00e9s en France","publisher":{"@id":"https:\/\/www.huitieme-ciel.com\/en\/#organization"},"potentialAction":[{"@type":"SearchAction","target":{"@type":"EntryPoint","urlTemplate":"https:\/\/www.huitieme-ciel.com\/en\/?s={search_term_string}"},"query-input":{"@type":"PropertyValueSpecification","valueRequired":true,"valueName":"search_term_string"}}],"inLanguage":"en-US"},{"@type":"Organization","@id":"https:\/\/www.huitieme-ciel.com\/en\/#organization","name":"HUITI\u00c8ME CIEL","url":"https:\/\/www.huitieme-ciel.com\/en\/","logo":{"@type":"ImageObject","inLanguage":"en-US","@id":"https:\/\/www.huitieme-ciel.com\/en\/#\/schema\/logo\/image\/","url":"https:\/\/i0.wp.com\/www.huitieme-ciel.com\/wp-content\/uploads\/2026\/02\/HC-200-x-200-px.png?fit=200%2C200&ssl=1","contentUrl":"https:\/\/i0.wp.com\/www.huitieme-ciel.com\/wp-content\/uploads\/2026\/02\/HC-200-x-200-px.png?fit=200%2C200&ssl=1","width":200,"height":200,"caption":"HUITI\u00c8ME CIEL"},"image":{"@id":"https:\/\/www.huitieme-ciel.com\/en\/#\/schema\/logo\/image\/"},"sameAs":["https:\/\/www.facebook.com\/huitiemeciel.bijoux","https:\/\/www.instagram.com\/huitieme.ciel"]}]}},"jetpack_sharing_enabled":true,"_links":{"self":[{"href":"https:\/\/www.huitieme-ciel.com\/en\/wp-json\/wp\/v2\/pages\/2220","targetHints":{"allow":["GET"]}}],"collection":[{"href":"https:\/\/www.huitieme-ciel.com\/en\/wp-json\/wp\/v2\/pages"}],"about":[{"href":"https:\/\/www.huitieme-ciel.com\/en\/wp-json\/wp\/v2\/types\/page"}],"author":[{"embeddable":true,"href":"https:\/\/www.huitieme-ciel.com\/en\/wp-json\/wp\/v2\/users\/3"}],"replies":[{"embeddable":true,"href":"https:\/\/www.huitieme-ciel.com\/en\/wp-json\/wp\/v2\/comments?post=2220"}],"version-history":[{"count":3,"href":"https:\/\/www.huitieme-ciel.com\/en\/wp-json\/wp\/v2\/pages\/2220\/revisions"}],"predecessor-version":[{"id":2855,"href":"https:\/\/www.huitieme-ciel.com\/en\/wp-json\/wp\/v2\/pages\/2220\/revisions\/2855"}],"wp:attachment":[{"href":"https:\/\/www.huitieme-ciel.com\/en\/wp-json\/wp\/v2\/media?parent=2220"}],"curies":[{"name":"wp","href":"https:\/\/api.w.org\/{rel}","templated":true}]}}