{"id":2211,"date":"2025-12-08T16:00:19","date_gmt":"2025-12-08T15:00:19","guid":{"rendered":"https:\/\/www.huitieme-ciel.com\/our-expertise\/"},"modified":"2026-02-13T23:18:49","modified_gmt":"2026-02-13T22:18:49","slug":"our-expertise","status":"publish","type":"page","link":"https:\/\/www.huitieme-ciel.com\/en\/our-expertise\/","title":{"rendered":"Our Expertise"},"content":{"rendered":"\n<p class=\"has-text-align-center\"><em>Delicate jewelry, designed to last, and imbued with intention.<\/em><\/p>\n\n<h4 class=\"wp-block-heading\"><strong>The Creation Process<\/strong><\/h4>\n\n<p>At HUITI\u00c8ME CIEL, craftsmanship extends beyond materials.<br\/>It begins with the creation process itself.<\/p>\n\n<p>While our jewelry encourages self-expression, its creation is guided by this same intention.<\/p>\n\n<p>Each piece of jewelry is hand-assembled, to music,<br\/>in a space where I feel fully present.<\/p>\n\n<p>Music helps me to center myself, to slow down, to truly be present. <br\/>The stones are chosen, observed, then connected one by one, with the same care given to what truly matters. <br\/>Creating then becomes a special, almost meditative time, where precision meets sensibility.<\/p>\n\n<p>I like to think that this quality of attention is transferred to the jewelry.<br\/>That it gives it something invisible, yet deeply felt.<br\/>This inner strength means a piece of jewelry is not merely beautiful.<\/p>\n\n<p>Each creation is thus born from a rhythm, an awareness, and an intention.<\/p>\n\n<hr class=\"wp-block-separator has-alpha-channel-opacity\"\/>\n\n<h4 class=\"wp-block-heading\"><strong>The HUITI\u00c8ME CIEL Line<\/strong><\/h4>\n\n<div class=\"wp-block-media-text alignwide is-stacked-on-mobile is-vertically-aligned-center has-accent-background-color has-background\"><figure class=\"wp-block-media-text__media\"><img data-recalc-dims=\"1\" loading=\"lazy\" decoding=\"async\" width=\"900\" height=\"1200\" src=\"https:\/\/i0.wp.com\/www.huitieme-ciel.com\/wp-content\/uploads\/2026\/02\/RangsClassiques.jpeg?resize=900%2C1200&#038;ssl=1\" alt=\"\" class=\"wp-image-1793 size-full\" srcset=\"https:\/\/i0.wp.com\/www.huitieme-ciel.com\/wp-content\/uploads\/2026\/02\/RangsClassiques-scaled.jpeg?resize=900%2C1200&amp;ssl=1 900w, https:\/\/i0.wp.com\/www.huitieme-ciel.com\/wp-content\/uploads\/2026\/02\/RangsClassiques-scaled.jpeg?resize=360%2C480&amp;ssl=1 360w, https:\/\/i0.wp.com\/www.huitieme-ciel.com\/wp-content\/uploads\/2026\/02\/RangsClassiques-scaled.jpeg?resize=768%2C1024&amp;ssl=1 768w, https:\/\/i0.wp.com\/www.huitieme-ciel.com\/wp-content\/uploads\/2026\/02\/RangsClassiques-scaled.jpeg?resize=1152%2C1536&amp;ssl=1 1152w, https:\/\/i0.wp.com\/www.huitieme-ciel.com\/wp-content\/uploads\/2026\/02\/RangsClassiques-scaled.jpeg?resize=1536%2C2048&amp;ssl=1 1536w, https:\/\/i0.wp.com\/www.huitieme-ciel.com\/wp-content\/uploads\/2026\/02\/RangsClassiques-scaled.jpeg?resize=600%2C800&amp;ssl=1 600w, https:\/\/i0.wp.com\/www.huitieme-ciel.com\/wp-content\/uploads\/2026\/02\/RangsClassiques-scaled.jpeg?w=1920&amp;ssl=1 1920w\" sizes=\"auto, (max-width: 900px) 100vw, 900px\" \/><\/figure><div class=\"wp-block-media-text__content\">\n<div class=\"wp-block-group is-layout-flow wp-block-group-is-layout-flow\" style=\"padding-top:2em;padding-right:2em;padding-bottom:2em;padding-left:2em\">\n<p class=\"has-extra-small-font-size\">The HUITI\u00c8ME CIEL Line was born spontaneously, an instinctive gesture that became an obvious choice.<\/p>\n\n\n\n<p>The alternation of colorful fine stones and golden hematites became essential for the light it creates, the way it reveals each stone, and the unique rhythm it imparts to the jewelry.<\/p>\n\n\n\n<p class=\"has-extra-small-font-size\">Over the course of our creations, this motif has become the visual signature of HUITI\u00c8ME CIEL.<\/p>\n\n\n\n<div class=\"wp-block-buttons is-layout-flex wp-block-buttons-is-layout-flex\">\n<div class=\"wp-block-button\"><a class=\"wp-block-button__link wp-element-button\" href=\"..\/?product_cat=classique\">Discover our Rang Classic<\/a><\/div>\n<\/div>\n<\/div>\n<\/div><\/div>\n\n<div class=\"wp-block-media-text alignwide has-media-on-the-right is-stacked-on-mobile is-vertically-aligned-center has-accent-background-color has-background\"><div class=\"wp-block-media-text__content\">\n<div class=\"wp-block-group is-layout-flow wp-block-group-is-layout-flow\" style=\"padding-top:2em;padding-right:2em;padding-bottom:2em;padding-left:2em\">\n<p class=\"has-extra-small-font-size\">The stones change, their colors evolve, their sizes vary.<br\/>The hematites come in different shades.<br\/>And yet, the line remains, recognizable, almost familiar.<\/p>\n\n\n\n<p class=\"has-extra-small-font-size\">The HUITI\u00c8ME CIEL Line is the common thread that connects all creations.<\/p>\n\n\n\n<p class=\"has-extra-small-font-size\"><br\/>A simple, yet essential, way to say:<br\/><strong>this jewelry is HUITI\u00c8ME CIEL.<\/strong><\/p>\n\n\n\n<div class=\"wp-block-buttons is-layout-flex wp-block-buttons-is-layout-flex\">\n<div class=\"wp-block-button\"><a class=\"wp-block-button__link wp-element-button\" href=\"..\/?product_cat=signatures\">Discover our Rangs Signatures<\/a><\/div>\n<\/div>\n<\/div>\n<\/div><figure class=\"wp-block-media-text__media\"><img data-recalc-dims=\"1\" loading=\"lazy\" decoding=\"async\" width=\"900\" height=\"1200\" src=\"https:\/\/i0.wp.com\/www.huitieme-ciel.com\/wp-content\/uploads\/2026\/01\/RangsSignatures.jpeg?resize=900%2C1200&#038;ssl=1\" alt=\"\" class=\"wp-image-1461 size-full\" srcset=\"https:\/\/i0.wp.com\/www.huitieme-ciel.com\/wp-content\/uploads\/2026\/01\/RangsSignatures-scaled.jpeg?resize=900%2C1200&amp;ssl=1 900w, https:\/\/i0.wp.com\/www.huitieme-ciel.com\/wp-content\/uploads\/2026\/01\/RangsSignatures-scaled.jpeg?resize=360%2C480&amp;ssl=1 360w, https:\/\/i0.wp.com\/www.huitieme-ciel.com\/wp-content\/uploads\/2026\/01\/RangsSignatures-scaled.jpeg?resize=768%2C1024&amp;ssl=1 768w, https:\/\/i0.wp.com\/www.huitieme-ciel.com\/wp-content\/uploads\/2026\/01\/RangsSignatures-scaled.jpeg?resize=1152%2C1536&amp;ssl=1 1152w, https:\/\/i0.wp.com\/www.huitieme-ciel.com\/wp-content\/uploads\/2026\/01\/RangsSignatures-scaled.jpeg?resize=1536%2C2048&amp;ssl=1 1536w, https:\/\/i0.wp.com\/www.huitieme-ciel.com\/wp-content\/uploads\/2026\/01\/RangsSignatures-scaled.jpeg?resize=600%2C800&amp;ssl=1 600w, https:\/\/i0.wp.com\/www.huitieme-ciel.com\/wp-content\/uploads\/2026\/01\/RangsSignatures-scaled.jpeg?w=1920&amp;ssl=1 1920w\" sizes=\"auto, (max-width: 900px) 100vw, 900px\" \/><\/figure><\/div>\n\n<hr class=\"wp-block-separator has-alpha-channel-opacity\"\/>\n\n<h4 class=\"wp-block-heading\"><strong>The Technical Thread<\/strong><\/h4>\n\n<p>Each creation is meticulously hand-mounted on <strong>a latest-generation thread<\/strong>, renowned for its <strong>strength<\/strong> and <strong>flexibility<\/strong>.<\/p>\n\n<p>Braided from heat-fused microfibers, it does not stretch, fray, and is resistant to humidity, UV rays, and friction.<br\/>It guarantees jewelry that is solid, lightweight, and durable.<\/p>\n\n<p>A discreet technology, at the heart of delicate and timeless jewelry.<\/p>\n\n<hr class=\"wp-block-separator has-alpha-channel-opacity\"\/>\n\n<h4 class=\"wp-block-heading\"><strong>Stainless Steel<\/strong><\/h4>\n\n<div class=\"wp-block-media-text alignwide is-stacked-on-mobile is-vertically-aligned-center has-accent-background-color has-background\"><figure class=\"wp-block-media-text__media\"><img data-recalc-dims=\"1\" loading=\"lazy\" decoding=\"async\" width=\"1200\" height=\"1200\" src=\"https:\/\/i0.wp.com\/www.huitieme-ciel.com\/wp-content\/uploads\/2026\/01\/RSHC.jpeg?resize=1200%2C1200&#038;ssl=1\" alt=\"\" class=\"wp-image-1466 size-full\" srcset=\"https:\/\/i0.wp.com\/www.huitieme-ciel.com\/wp-content\/uploads\/2026\/01\/RSHC.jpeg?resize=1200%2C1200&amp;ssl=1 1200w, https:\/\/i0.wp.com\/www.huitieme-ciel.com\/wp-content\/uploads\/2026\/01\/RSHC.jpeg?resize=360%2C360&amp;ssl=1 360w, https:\/\/i0.wp.com\/www.huitieme-ciel.com\/wp-content\/uploads\/2026\/01\/RSHC.jpeg?resize=300%2C300&amp;ssl=1 300w, https:\/\/i0.wp.com\/www.huitieme-ciel.com\/wp-content\/uploads\/2026\/01\/RSHC.jpeg?resize=768%2C768&amp;ssl=1 768w, https:\/\/i0.wp.com\/www.huitieme-ciel.com\/wp-content\/uploads\/2026\/01\/RSHC.jpeg?resize=1536%2C1536&amp;ssl=1 1536w, https:\/\/i0.wp.com\/www.huitieme-ciel.com\/wp-content\/uploads\/2026\/01\/RSHC.jpeg?resize=2048%2C2048&amp;ssl=1 2048w, https:\/\/i0.wp.com\/www.huitieme-ciel.com\/wp-content\/uploads\/2026\/01\/RSHC.jpeg?resize=600%2C600&amp;ssl=1 600w, https:\/\/i0.wp.com\/www.huitieme-ciel.com\/wp-content\/uploads\/2026\/01\/RSHC.jpeg?resize=100%2C100&amp;ssl=1 100w\" sizes=\"auto, (max-width: 1000px) 100vw, 1000px\" \/><\/figure><div class=\"wp-block-media-text__content\">\n<div class=\"wp-block-group is-layout-flow wp-block-group-is-layout-flow\" style=\"padding-top:2em;padding-right:2em;padding-bottom:2em;padding-left:2em\">\n<p class=\"has-extra-small-font-size\">We have chosen stainless steel for its remarkable qualities of <strong>durability<\/strong> and <strong>resistance<\/strong>.<br\/><\/p>\n\n\n\n<p class=\"has-extra-small-font-size\">Unlike plated metals, it does not tarnish, oxidize, and <strong>retains its shine over time<\/strong>.<\/p>\n\n\n\n<div class=\"wp-block-buttons is-layout-flex wp-block-buttons-is-layout-flex\">\n<div class=\"wp-block-button\"><a class=\"wp-block-button__link wp-element-button\" href=\"..\/?product_cat=pendentifs\">Our Stainless Steel Pendants<\/a><\/div>\n<\/div>\n<\/div>\n<\/div><\/div>\n\n<div class=\"wp-block-buttons is-layout-flex wp-block-buttons-is-layout-flex\"><\/div>\n\n<div class=\"wp-block-media-text alignwide has-media-on-the-right is-stacked-on-mobile is-vertically-aligned-center has-accent-background-color has-background\"><div class=\"wp-block-media-text__content\">\n<div class=\"wp-block-group is-layout-flow wp-block-group-is-layout-flow\" style=\"padding-top:2em;padding-right:2em;padding-bottom:2em;padding-left:2em\">\n<p class=\"has-extra-small-font-size\"><strong>Hypoallergenic<\/strong>, it is suitable for sensitive skin and resistant to water, perspiration, and perfume.<\/p>\n\n\n\n<p>A discreet, elegant, and unalterable ally.<br\/>A brilliance that endures through time.<\/p>\n<\/div>\n<\/div><figure class=\"wp-block-media-text__media\"><img data-recalc-dims=\"1\" loading=\"lazy\" decoding=\"async\" width=\"1200\" height=\"1200\" src=\"https:\/\/i0.wp.com\/www.huitieme-ciel.com\/wp-content\/uploads\/2026\/01\/MedHC.jpeg?resize=1200%2C1200&#038;ssl=1\" alt=\"\" class=\"wp-image-1464 size-full\" srcset=\"https:\/\/i0.wp.com\/www.huitieme-ciel.com\/wp-content\/uploads\/2026\/01\/MedHC-scaled.jpeg?resize=1200%2C1200&amp;ssl=1 1200w, https:\/\/i0.wp.com\/www.huitieme-ciel.com\/wp-content\/uploads\/2026\/01\/MedHC-scaled.jpeg?resize=360%2C360&amp;ssl=1 360w, https:\/\/i0.wp.com\/www.huitieme-ciel.com\/wp-content\/uploads\/2026\/01\/MedHC-scaled.jpeg?resize=300%2C300&amp;ssl=1 300w, https:\/\/i0.wp.com\/www.huitieme-ciel.com\/wp-content\/uploads\/2026\/01\/MedHC-scaled.jpeg?resize=768%2C768&amp;ssl=1 768w, https:\/\/i0.wp.com\/www.huitieme-ciel.com\/wp-content\/uploads\/2026\/01\/MedHC-scaled.jpeg?resize=1536%2C1536&amp;ssl=1 1536w, https:\/\/i0.wp.com\/www.huitieme-ciel.com\/wp-content\/uploads\/2026\/01\/MedHC-scaled.jpeg?resize=2048%2C2048&amp;ssl=1 2048w, https:\/\/i0.wp.com\/www.huitieme-ciel.com\/wp-content\/uploads\/2026\/01\/MedHC-scaled.jpeg?resize=600%2C600&amp;ssl=1 600w, https:\/\/i0.wp.com\/www.huitieme-ciel.com\/wp-content\/uploads\/2026\/01\/MedHC-scaled.jpeg?resize=100%2C100&amp;ssl=1 100w\" sizes=\"auto, (max-width: 1000px) 100vw, 1000px\" \/><\/figure><\/div>\n\n<hr class=\"wp-block-separator has-alpha-channel-opacity\"\/>\n\n<h4 class=\"wp-block-heading\"><strong>Natural Stones<\/strong><\/h4>\n\n<p>Each stone is carefully selected for its <strong>color<\/strong>, <strong>light<\/strong>, and <strong>uniqueness<\/strong>.<\/p>\n\n<p>I select them from specialized suppliers, paying close attention to nuances, calibers, and qualities consistent with the HUITI\u00c8ME CIEL aesthetic.<\/p>\n\n<p>Their size respects the balance of the jewelry and the rhythm of the HUITI\u00c8ME CIEL Line, the visual signature of our creations.<\/p>\n\n<p>Their slight irregularities remind us that nature never creates two identical pieces of jewelry. <strong>Each nuance makes your piece authentic and unique, reflecting your image.<\/strong><\/p>\n\n<p>I do not prescribe virtues or meanings: these insights belong to individual traditions and beliefs. You are free to draw from them what resonates with you, or simply to appreciate their beauty. <\/p>\n\n<p>Whatever your compass\u2014emotional, symbolic, spiritual, rational\u2014the essential thing is to choose in your own way. <br\/><strong>The only rule is your own.<\/strong><\/p>\n\n<p class=\"is-style-default\">For those who wish to explore the symbolism and resonances of stones in more depth, <a href=\"https:\/\/www.huitieme-ciel.com\/en\/gemstones\/\">a dedicated page is available<\/a>, in collaboration with a lithotherapist.<\/p>\n\n<div class=\"wp-block-buttons is-layout-flex wp-block-buttons-is-layout-flex\">\n<div class=\"wp-block-button\"><a class=\"wp-block-button__link wp-element-button\" href=\"..\/?post_type=product\">Visit our shop<\/a><\/div>\n<\/div>\n","protected":false},"excerpt":{"rendered":"<p>Delicate jewelry, designed to last, and imbued with intention. The Creation Process At HUITI\u00c8ME CIEL, craftsmanship extends beyond materials.It begins with the creation process itself. While our jewelry encourages self-expression, its creation is guided by this same intention. Each piece of jewelry is hand-assembled, to music,in a space where I feel fully present. Music helps [&hellip;]<\/p>\n","protected":false},"author":2,"featured_media":0,"parent":0,"menu_order":0,"comment_status":"closed","ping_status":"closed","template":"","meta":{"footnotes":""},"class_list":["post-2211","page","type-page","status-publish","hentry"],"yoast_head":"<!-- This site is optimized with the Yoast SEO plugin v27.4 - https:\/\/yoast.com\/product\/yoast-seo-wordpress\/ -->\n<title>Our Expertise - HUITI\u00c8ME CIEL<\/title>\n<meta name=\"robots\" content=\"index, follow, max-snippet:-1, max-image-preview:large, max-video-preview:-1\" \/>\n<link rel=\"canonical\" href=\"https:\/\/www.huitieme-ciel.com\/en\/our-expertise\/\" \/>\n<meta property=\"og:locale\" content=\"en_US\" \/>\n<meta property=\"og:type\" content=\"article\" \/>\n<meta property=\"og:title\" content=\"Our Expertise - HUITI\u00c8ME CIEL\" \/>\n<meta property=\"og:description\" content=\"Delicate jewelry, designed to last, and imbued with intention. The Creation Process At HUITI\u00c8ME CIEL, craftsmanship extends beyond materials.It begins with the creation process itself. While our jewelry encourages self-expression, its creation is guided by this same intention. Each piece of jewelry is hand-assembled, to music,in a space where I feel fully present. Music helps [&hellip;]\" \/>\n<meta property=\"og:url\" content=\"https:\/\/www.huitieme-ciel.com\/en\/our-expertise\/\" \/>\n<meta property=\"og:site_name\" content=\"HUITI\u00c8ME CIEL\" \/>\n<meta property=\"article:publisher\" content=\"https:\/\/www.facebook.com\/huitiemeciel.bijoux\" \/>\n<meta property=\"article:modified_time\" content=\"2026-02-13T22:18:49+00:00\" \/>\n<meta property=\"og:image\" content=\"https:\/\/www.huitieme-ciel.com\/wp-content\/uploads\/2026\/01\/RSHC-300x300.jpeg\" \/>\n<meta name=\"twitter:card\" content=\"summary_large_image\" \/>\n<meta name=\"twitter:image\" content=\"https:\/\/www.huitieme-ciel.com\/wp-content\/uploads\/2026\/01\/RSHC-1200x1200.jpeg\" \/>\n<meta name=\"twitter:label1\" content=\"Est. reading time\" \/>\n\t<meta name=\"twitter:data1\" content=\"3 minutes\" \/>\n<script type=\"application\/ld+json\" class=\"yoast-schema-graph\">{\"@context\":\"https:\\\/\\\/schema.org\",\"@graph\":[{\"@type\":\"WebPage\",\"@id\":\"https:\\\/\\\/www.huitieme-ciel.com\\\/en\\\/our-expertise\\\/\",\"url\":\"https:\\\/\\\/www.huitieme-ciel.com\\\/en\\\/our-expertise\\\/\",\"name\":\"Our Expertise - HUITI\u00c8ME CIEL\",\"isPartOf\":{\"@id\":\"https:\\\/\\\/www.huitieme-ciel.com\\\/en\\\/#website\"},\"primaryImageOfPage\":{\"@id\":\"https:\\\/\\\/www.huitieme-ciel.com\\\/en\\\/our-expertise\\\/#primaryimage\"},\"image\":{\"@id\":\"https:\\\/\\\/www.huitieme-ciel.com\\\/en\\\/our-expertise\\\/#primaryimage\"},\"thumbnailUrl\":\"https:\\\/\\\/www.huitieme-ciel.com\\\/wp-content\\\/uploads\\\/2026\\\/02\\\/RangsClassiques-900x1200.jpeg\",\"datePublished\":\"2025-12-08T15:00:19+00:00\",\"dateModified\":\"2026-02-13T22:18:49+00:00\",\"breadcrumb\":{\"@id\":\"https:\\\/\\\/www.huitieme-ciel.com\\\/en\\\/our-expertise\\\/#breadcrumb\"},\"inLanguage\":\"en-US\",\"potentialAction\":[{\"@type\":\"ReadAction\",\"target\":[\"https:\\\/\\\/www.huitieme-ciel.com\\\/en\\\/our-expertise\\\/\"]}]},{\"@type\":\"ImageObject\",\"inLanguage\":\"en-US\",\"@id\":\"https:\\\/\\\/www.huitieme-ciel.com\\\/en\\\/our-expertise\\\/#primaryimage\",\"url\":\"https:\\\/\\\/www.huitieme-ciel.com\\\/wp-content\\\/uploads\\\/2026\\\/02\\\/RangsClassiques-900x1200.jpeg\",\"contentUrl\":\"https:\\\/\\\/www.huitieme-ciel.com\\\/wp-content\\\/uploads\\\/2026\\\/02\\\/RangsClassiques-900x1200.jpeg\"},{\"@type\":\"BreadcrumbList\",\"@id\":\"https:\\\/\\\/www.huitieme-ciel.com\\\/en\\\/our-expertise\\\/#breadcrumb\",\"itemListElement\":[{\"@type\":\"ListItem\",\"position\":1,\"name\":\"Accueil\",\"item\":\"https:\\\/\\\/www.huitieme-ciel.com\\\/en\\\/\"},{\"@type\":\"ListItem\",\"position\":2,\"name\":\"Our Expertise\"}]},{\"@type\":\"WebSite\",\"@id\":\"https:\\\/\\\/www.huitieme-ciel.com\\\/en\\\/#website\",\"url\":\"https:\\\/\\\/www.huitieme-ciel.com\\\/en\\\/\",\"name\":\"HUITI\u00c8ME CIEL\",\"description\":\"Bijoux en pierres naturelles. Rangs de pierres fines lumineux. Cr\u00e9\u00e9s et assembl\u00e9s en France\",\"publisher\":{\"@id\":\"https:\\\/\\\/www.huitieme-ciel.com\\\/en\\\/#organization\"},\"potentialAction\":[{\"@type\":\"SearchAction\",\"target\":{\"@type\":\"EntryPoint\",\"urlTemplate\":\"https:\\\/\\\/www.huitieme-ciel.com\\\/en\\\/?s={search_term_string}\"},\"query-input\":{\"@type\":\"PropertyValueSpecification\",\"valueRequired\":true,\"valueName\":\"search_term_string\"}}],\"inLanguage\":\"en-US\"},{\"@type\":\"Organization\",\"@id\":\"https:\\\/\\\/www.huitieme-ciel.com\\\/en\\\/#organization\",\"name\":\"HUITI\u00c8ME CIEL\",\"url\":\"https:\\\/\\\/www.huitieme-ciel.com\\\/en\\\/\",\"logo\":{\"@type\":\"ImageObject\",\"inLanguage\":\"en-US\",\"@id\":\"https:\\\/\\\/www.huitieme-ciel.com\\\/en\\\/#\\\/schema\\\/logo\\\/image\\\/\",\"url\":\"https:\\\/\\\/i0.wp.com\\\/www.huitieme-ciel.com\\\/wp-content\\\/uploads\\\/2026\\\/02\\\/HC-200-x-200-px.png?fit=200%2C200&ssl=1\",\"contentUrl\":\"https:\\\/\\\/i0.wp.com\\\/www.huitieme-ciel.com\\\/wp-content\\\/uploads\\\/2026\\\/02\\\/HC-200-x-200-px.png?fit=200%2C200&ssl=1\",\"width\":200,\"height\":200,\"caption\":\"HUITI\u00c8ME CIEL\"},\"image\":{\"@id\":\"https:\\\/\\\/www.huitieme-ciel.com\\\/en\\\/#\\\/schema\\\/logo\\\/image\\\/\"},\"sameAs\":[\"https:\\\/\\\/www.facebook.com\\\/huitiemeciel.bijoux\",\"https:\\\/\\\/www.instagram.com\\\/huitieme.ciel\"]}]}<\/script>\n<!-- \/ Yoast SEO plugin. -->","yoast_head_json":{"title":"Our Expertise - HUITI\u00c8ME CIEL","robots":{"index":"index","follow":"follow","max-snippet":"max-snippet:-1","max-image-preview":"max-image-preview:large","max-video-preview":"max-video-preview:-1"},"canonical":"https:\/\/www.huitieme-ciel.com\/en\/our-expertise\/","og_locale":"en_US","og_type":"article","og_title":"Our Expertise - HUITI\u00c8ME CIEL","og_description":"Delicate jewelry, designed to last, and imbued with intention. The Creation Process At HUITI\u00c8ME CIEL, craftsmanship extends beyond materials.It begins with the creation process itself. While our jewelry encourages self-expression, its creation is guided by this same intention. Each piece of jewelry is hand-assembled, to music,in a space where I feel fully present. Music helps [&hellip;]","og_url":"https:\/\/www.huitieme-ciel.com\/en\/our-expertise\/","og_site_name":"HUITI\u00c8ME CIEL","article_publisher":"https:\/\/www.facebook.com\/huitiemeciel.bijoux","article_modified_time":"2026-02-13T22:18:49+00:00","og_image":[{"url":"https:\/\/www.huitieme-ciel.com\/wp-content\/uploads\/2026\/01\/RSHC-300x300.jpeg","type":"","width":"","height":""}],"twitter_card":"summary_large_image","twitter_image":"https:\/\/www.huitieme-ciel.com\/wp-content\/uploads\/2026\/01\/RSHC-1200x1200.jpeg","twitter_misc":{"Est. reading time":"3 minutes"},"schema":{"@context":"https:\/\/schema.org","@graph":[{"@type":"WebPage","@id":"https:\/\/www.huitieme-ciel.com\/en\/our-expertise\/","url":"https:\/\/www.huitieme-ciel.com\/en\/our-expertise\/","name":"Our Expertise - HUITI\u00c8ME CIEL","isPartOf":{"@id":"https:\/\/www.huitieme-ciel.com\/en\/#website"},"primaryImageOfPage":{"@id":"https:\/\/www.huitieme-ciel.com\/en\/our-expertise\/#primaryimage"},"image":{"@id":"https:\/\/www.huitieme-ciel.com\/en\/our-expertise\/#primaryimage"},"thumbnailUrl":"https:\/\/www.huitieme-ciel.com\/wp-content\/uploads\/2026\/02\/RangsClassiques-900x1200.jpeg","datePublished":"2025-12-08T15:00:19+00:00","dateModified":"2026-02-13T22:18:49+00:00","breadcrumb":{"@id":"https:\/\/www.huitieme-ciel.com\/en\/our-expertise\/#breadcrumb"},"inLanguage":"en-US","potentialAction":[{"@type":"ReadAction","target":["https:\/\/www.huitieme-ciel.com\/en\/our-expertise\/"]}]},{"@type":"ImageObject","inLanguage":"en-US","@id":"https:\/\/www.huitieme-ciel.com\/en\/our-expertise\/#primaryimage","url":"https:\/\/www.huitieme-ciel.com\/wp-content\/uploads\/2026\/02\/RangsClassiques-900x1200.jpeg","contentUrl":"https:\/\/www.huitieme-ciel.com\/wp-content\/uploads\/2026\/02\/RangsClassiques-900x1200.jpeg"},{"@type":"BreadcrumbList","@id":"https:\/\/www.huitieme-ciel.com\/en\/our-expertise\/#breadcrumb","itemListElement":[{"@type":"ListItem","position":1,"name":"Accueil","item":"https:\/\/www.huitieme-ciel.com\/en\/"},{"@type":"ListItem","position":2,"name":"Our Expertise"}]},{"@type":"WebSite","@id":"https:\/\/www.huitieme-ciel.com\/en\/#website","url":"https:\/\/www.huitieme-ciel.com\/en\/","name":"HUITI\u00c8ME CIEL","description":"Bijoux en pierres naturelles. Rangs de pierres fines lumineux. Cr\u00e9\u00e9s et assembl\u00e9s en France","publisher":{"@id":"https:\/\/www.huitieme-ciel.com\/en\/#organization"},"potentialAction":[{"@type":"SearchAction","target":{"@type":"EntryPoint","urlTemplate":"https:\/\/www.huitieme-ciel.com\/en\/?s={search_term_string}"},"query-input":{"@type":"PropertyValueSpecification","valueRequired":true,"valueName":"search_term_string"}}],"inLanguage":"en-US"},{"@type":"Organization","@id":"https:\/\/www.huitieme-ciel.com\/en\/#organization","name":"HUITI\u00c8ME CIEL","url":"https:\/\/www.huitieme-ciel.com\/en\/","logo":{"@type":"ImageObject","inLanguage":"en-US","@id":"https:\/\/www.huitieme-ciel.com\/en\/#\/schema\/logo\/image\/","url":"https:\/\/i0.wp.com\/www.huitieme-ciel.com\/wp-content\/uploads\/2026\/02\/HC-200-x-200-px.png?fit=200%2C200&ssl=1","contentUrl":"https:\/\/i0.wp.com\/www.huitieme-ciel.com\/wp-content\/uploads\/2026\/02\/HC-200-x-200-px.png?fit=200%2C200&ssl=1","width":200,"height":200,"caption":"HUITI\u00c8ME CIEL"},"image":{"@id":"https:\/\/www.huitieme-ciel.com\/en\/#\/schema\/logo\/image\/"},"sameAs":["https:\/\/www.facebook.com\/huitiemeciel.bijoux","https:\/\/www.instagram.com\/huitieme.ciel"]}]}},"jetpack_sharing_enabled":true,"_links":{"self":[{"href":"https:\/\/www.huitieme-ciel.com\/en\/wp-json\/wp\/v2\/pages\/2211","targetHints":{"allow":["GET"]}}],"collection":[{"href":"https:\/\/www.huitieme-ciel.com\/en\/wp-json\/wp\/v2\/pages"}],"about":[{"href":"https:\/\/www.huitieme-ciel.com\/en\/wp-json\/wp\/v2\/types\/page"}],"author":[{"embeddable":true,"href":"https:\/\/www.huitieme-ciel.com\/en\/wp-json\/wp\/v2\/users\/2"}],"replies":[{"embeddable":true,"href":"https:\/\/www.huitieme-ciel.com\/en\/wp-json\/wp\/v2\/comments?post=2211"}],"version-history":[{"count":1,"href":"https:\/\/www.huitieme-ciel.com\/en\/wp-json\/wp\/v2\/pages\/2211\/revisions"}],"predecessor-version":[{"id":2862,"href":"https:\/\/www.huitieme-ciel.com\/en\/wp-json\/wp\/v2\/pages\/2211\/revisions\/2862"}],"wp:attachment":[{"href":"https:\/\/www.huitieme-ciel.com\/en\/wp-json\/wp\/v2\/media?parent=2211"}],"curies":[{"name":"wp","href":"https:\/\/api.w.org\/{rel}","templated":true}]}}